{"id":1348,"date":"2023-04-01T11:33:48","date_gmt":"2023-04-01T09:33:48","guid":{"rendered":"https:\/\/amesophro.com\/?page_id=1348"},"modified":"2026-03-18T15:47:28","modified_gmt":"2026-03-18T14:47:28","slug":"floritherapie","status":"publish","type":"page","link":"https:\/\/amesophro.com\/index.php\/floritherapie\/","title":{"rendered":"Th\u00e9rapie Florale : Pour Qui &amp; pour quoi ?"},"content":{"rendered":"\n<h3 class=\"wp-block-heading\"><strong><em>Quels sont les b\u00e9n\u00e9fices de la florith\u00e9rapie ?<\/em><\/strong><\/h3>\n\n\n\n<p class=\"has-small-font-size\"><em>Liste non exhaustive<\/em><\/p>\n\n\n\n<ul class=\"wp-block-list\">\n<li>Manque de confiance en soi<\/li>\n\n\n\n<li>Apaisement \u00e9motionnel<\/li>\n\n\n\n<li>R\u00e9p\u00e9tition de cycles<\/li>\n\n\n\n<li>Difficult\u00e9 \u00e0 poser ses limites et prendre sa place<\/li>\n\n\n\n<li>Peurs diverses, phobies<\/li>\n\n\n\n<li>Troubles du sommeil<\/li>\n\n\n\n<li>Probl\u00e8mes de poids<\/li>\n\n\n\n<li>Hypersensibilit\u00e9, gestion des \u00e9motions (d\u00e9veloppement de sa <strong>maturit\u00e9 \u00e9motionnelle<\/strong>)<\/li>\n\n\n\n<li>Anxi\u00e9t\u00e9, stress<\/li>\n\n\n\n<li>S\u00e9paration, deuil, licenciement<\/li>\n\n\n\n<li>D\u00e9pendance affective, blessures affectives (rejet, abandon)<\/li>\n\n\n\n<li>Exploration de soi et travail introspectif (connaissance de Soi)<\/li>\n<\/ul>\n\n\n\n<p><\/p>\n\n\n\n<h3 class=\"wp-block-heading has-medium-font-size\"><strong><em>Pr\u00e9sentation <\/em><\/strong><\/h3>\n\n\n\n<p>Les fleurs de Bach (pour les plus connues) et les \u00e9lixirs floraux sont des extraits liquides pr\u00e9par\u00e9s par infusion de fleurs (solarisation). Chaque esp\u00e8ce poss\u00e8de des qualit\u00e9s sp\u00e9cifiques qui vont agir sur l&rsquo;\u00e9tat \u00e9motionnel. C&rsquo;est ce \u00e0 quoi je vais m&rsquo;int\u00e9resser pour cr\u00e9er votre propre m\u00e9lange personnalis\u00e9.<\/p>\n\n\n\n<p><em><strong>Comment ?<\/strong><\/em><\/p>\n\n\n\n<p>En r\u00e9gulant les \u00e9motions, les humeurs passag\u00e8res et\/ou en \u00e9quilibrant certains traits de caract\u00e8re. Les \u00e9lixirs viennent accompagner ce processus de connaissance et d&rsquo;exploration de soi, comme un ami qui vous tiendrez la main. <\/p>\n\n\n\n<p><\/p>\n\n\n\n<p>Les fleurs sont des <strong>accompagnantes bienveillantes<\/strong>, douces, qui apaisent les \u00e9tats \u00e9motionnels lors de passages d\u00e9licats, de p\u00e9riodes de transition. Elles sont r\u00e9confortantes, et aident \u00e0 mettre en lumi\u00e8re des ressources ainsi qu&rsquo;un potentiel parfois oubli\u00e9s.<\/p>\n\n\n\n<p><\/p>\n\n\n\n<blockquote class=\"wp-block-quote has-text-align-center is-layout-flow wp-block-quote-is-layout-flow\">\n<p class=\"has-text-align-center\">L&rsquo;origine de la maladie est un conflit entre l&rsquo;\u00c2me et le personnalit\u00e9.<\/p>\n<cite>Dr Edward Bach<\/cite><\/blockquote>\n\n\n\n<p><\/p>\n\n\n<div class=\"wp-block-image is-resized\">\n<figure class=\"aligncenter size-full\"><img loading=\"lazy\" decoding=\"async\" width=\"1300\" height=\"1300\" src=\"https:\/\/amesophro.com\/wp-content\/uploads\/2023\/04\/pexels-photo-3706363.jpeg\" alt=\"close up photo of purple flower\" class=\"wp-image-1349\" style=\"aspect-ratio:1;width:278px;height:auto\" srcset=\"https:\/\/amesophro.com\/wp-content\/uploads\/2023\/04\/pexels-photo-3706363.jpeg 1300w, https:\/\/amesophro.com\/wp-content\/uploads\/2023\/04\/pexels-photo-3706363-300x300.jpeg 300w, https:\/\/amesophro.com\/wp-content\/uploads\/2023\/04\/pexels-photo-3706363-1024x1024.jpeg 1024w, https:\/\/amesophro.com\/wp-content\/uploads\/2023\/04\/pexels-photo-3706363-150x150.jpeg 150w, https:\/\/amesophro.com\/wp-content\/uploads\/2023\/04\/pexels-photo-3706363-768x768.jpeg 768w, https:\/\/amesophro.com\/wp-content\/uploads\/2023\/04\/pexels-photo-3706363-600x600.jpeg 600w, https:\/\/amesophro.com\/wp-content\/uploads\/2023\/04\/pexels-photo-3706363-100x100.jpeg 100w\" sizes=\"auto, (max-width: 1300px) 100vw, 1300px\" \/><\/figure>\n<\/div>\n\n\n<p>Les \u00e9lixirs floraux ne pr\u00e9sentent aucune contre-indication et peuvent \u00eatre utilis\u00e9s chez les enfants, animaux de compagnie, femmes enceintes.<\/p>\n\n\n\n<p>Dans ma pratique, j&rsquo;ai choisi d&rsquo;allier la th\u00e9rapie florale \u00e0 l&rsquo;hom\u00e9opathie. Deux m\u00e9decines vibratoires qui se compl\u00e8tent \u00e0 merveille, pour r\u00e9\u00e9quilibrer votre terrain et fluidifier vos \u00e9motions. Une approche Unique, globale et personnalis\u00e9e.<\/p>\n\n\n\n<p class=\"has-text-align-center has-large-font-size\"><\/p>\n","protected":false},"excerpt":{"rendered":"<p>Quels sont les b\u00e9n\u00e9fices de la florith\u00e9rapie ? Liste non exhaustive Pr\u00e9sentation Les fleurs de Bach (pour les plus connues) et les \u00e9lixirs floraux sont des extraits liquides pr\u00e9par\u00e9s par infusion de fleurs (solarisation). Chaque esp\u00e8ce poss\u00e8de des qualit\u00e9s sp\u00e9cifiques qui vont agir sur l&rsquo;\u00e9tat \u00e9motionnel. C&rsquo;est ce \u00e0 quoi je vais m&rsquo;int\u00e9resser pour cr\u00e9er &hellip; <\/p>\n","protected":false},"author":1,"featured_media":0,"parent":0,"menu_order":0,"comment_status":"closed","ping_status":"closed","template":"","meta":{"footnotes":""},"class_list":["post-1348","page","type-page","status-publish","hentry"],"yoast_head":"<!-- This site is optimized with the Yoast SEO plugin v27.4 - https:\/\/yoast.com\/product\/yoast-seo-wordpress\/ -->\n<title>Th\u00e9rapie Florale : Pour Qui &amp; pour quoi ? - Sophie RIGHETTI<\/title>\n<meta name=\"robots\" content=\"index, follow, max-snippet:-1, max-image-preview:large, max-video-preview:-1\" \/>\n<link rel=\"canonical\" href=\"https:\/\/amesophro.com\/index.php\/floritherapie\/\" \/>\n<meta property=\"og:locale\" content=\"fr_FR\" \/>\n<meta property=\"og:type\" content=\"article\" \/>\n<meta property=\"og:title\" content=\"Th\u00e9rapie Florale : Pour Qui &amp; pour quoi ? - Sophie RIGHETTI\" \/>\n<meta property=\"og:description\" content=\"Quels sont les b\u00e9n\u00e9fices de la florith\u00e9rapie ? Liste non exhaustive Pr\u00e9sentation Les fleurs de Bach (pour les plus connues) et les \u00e9lixirs floraux sont des extraits liquides pr\u00e9par\u00e9s par infusion de fleurs (solarisation). Chaque esp\u00e8ce poss\u00e8de des qualit\u00e9s sp\u00e9cifiques qui vont agir sur l&rsquo;\u00e9tat \u00e9motionnel. C&rsquo;est ce \u00e0 quoi je vais m&rsquo;int\u00e9resser pour cr\u00e9er &hellip;\" \/>\n<meta property=\"og:url\" content=\"https:\/\/amesophro.com\/index.php\/floritherapie\/\" \/>\n<meta property=\"og:site_name\" content=\"Sophie RIGHETTI\" \/>\n<meta property=\"article:modified_time\" content=\"2026-03-18T14:47:28+00:00\" \/>\n<meta property=\"og:image\" content=\"https:\/\/amesophro.com\/wp-content\/uploads\/2023\/04\/pexels-photo-3706363.jpeg\" \/>\n\t<meta property=\"og:image:width\" content=\"1300\" \/>\n\t<meta property=\"og:image:height\" content=\"1300\" \/>\n\t<meta property=\"og:image:type\" content=\"image\/jpeg\" \/>\n<meta name=\"twitter:card\" content=\"summary_large_image\" \/>\n<meta name=\"twitter:label1\" content=\"Dur\u00e9e de lecture estim\u00e9e\" \/>\n\t<meta name=\"twitter:data1\" content=\"2 minutes\" \/>\n<script type=\"application\/ld+json\" class=\"yoast-schema-graph\">{\"@context\":\"https:\\\/\\\/schema.org\",\"@graph\":[{\"@type\":\"WebPage\",\"@id\":\"https:\\\/\\\/amesophro.com\\\/index.php\\\/floritherapie\\\/\",\"url\":\"https:\\\/\\\/amesophro.com\\\/index.php\\\/floritherapie\\\/\",\"name\":\"Th\u00e9rapie Florale : Pour Qui &amp; pour quoi ? - Sophie RIGHETTI\",\"isPartOf\":{\"@id\":\"https:\\\/\\\/amesophro.com\\\/#website\"},\"primaryImageOfPage\":{\"@id\":\"https:\\\/\\\/amesophro.com\\\/index.php\\\/floritherapie\\\/#primaryimage\"},\"image\":{\"@id\":\"https:\\\/\\\/amesophro.com\\\/index.php\\\/floritherapie\\\/#primaryimage\"},\"thumbnailUrl\":\"https:\\\/\\\/amesophro.com\\\/wp-content\\\/uploads\\\/2023\\\/04\\\/pexels-photo-3706363.jpeg\",\"datePublished\":\"2023-04-01T09:33:48+00:00\",\"dateModified\":\"2026-03-18T14:47:28+00:00\",\"breadcrumb\":{\"@id\":\"https:\\\/\\\/amesophro.com\\\/index.php\\\/floritherapie\\\/#breadcrumb\"},\"inLanguage\":\"fr-FR\",\"potentialAction\":[{\"@type\":\"ReadAction\",\"target\":[\"https:\\\/\\\/amesophro.com\\\/index.php\\\/floritherapie\\\/\"]}]},{\"@type\":\"ImageObject\",\"inLanguage\":\"fr-FR\",\"@id\":\"https:\\\/\\\/amesophro.com\\\/index.php\\\/floritherapie\\\/#primaryimage\",\"url\":\"https:\\\/\\\/amesophro.com\\\/wp-content\\\/uploads\\\/2023\\\/04\\\/pexels-photo-3706363.jpeg\",\"contentUrl\":\"https:\\\/\\\/amesophro.com\\\/wp-content\\\/uploads\\\/2023\\\/04\\\/pexels-photo-3706363.jpeg\",\"width\":1300,\"height\":1300,\"caption\":\"Photo by Laura Reed on Pexels.com\"},{\"@type\":\"BreadcrumbList\",\"@id\":\"https:\\\/\\\/amesophro.com\\\/index.php\\\/floritherapie\\\/#breadcrumb\",\"itemListElement\":[{\"@type\":\"ListItem\",\"position\":1,\"name\":\"Accueil\",\"item\":\"https:\\\/\\\/amesophro.com\\\/\"},{\"@type\":\"ListItem\",\"position\":2,\"name\":\"Th\u00e9rapie Florale : Pour Qui &amp; pour quoi ?\"}]},{\"@type\":\"WebSite\",\"@id\":\"https:\\\/\\\/amesophro.com\\\/#website\",\"url\":\"https:\\\/\\\/amesophro.com\\\/\",\"name\":\"Sophie RIGHETTI\",\"description\":\"Florith\u00e9rapie &amp; Hom\u00e9opathie\",\"publisher\":{\"@id\":\"https:\\\/\\\/amesophro.com\\\/#\\\/schema\\\/person\\\/5582b2a0e8cc8ecbbec1c08c6b998a36\"},\"potentialAction\":[{\"@type\":\"SearchAction\",\"target\":{\"@type\":\"EntryPoint\",\"urlTemplate\":\"https:\\\/\\\/amesophro.com\\\/?s={search_term_string}\"},\"query-input\":{\"@type\":\"PropertyValueSpecification\",\"valueRequired\":true,\"valueName\":\"search_term_string\"}}],\"inLanguage\":\"fr-FR\"},{\"@type\":[\"Person\",\"Organization\"],\"@id\":\"https:\\\/\\\/amesophro.com\\\/#\\\/schema\\\/person\\\/5582b2a0e8cc8ecbbec1c08c6b998a36\",\"name\":\"Sophie Righetti\",\"image\":{\"@type\":\"ImageObject\",\"inLanguage\":\"fr-FR\",\"@id\":\"https:\\\/\\\/amesophro.com\\\/wp-content\\\/uploads\\\/2022\\\/11\\\/10.png\",\"url\":\"https:\\\/\\\/amesophro.com\\\/wp-content\\\/uploads\\\/2022\\\/11\\\/10.png\",\"contentUrl\":\"https:\\\/\\\/amesophro.com\\\/wp-content\\\/uploads\\\/2022\\\/11\\\/10.png\",\"width\":2160,\"height\":2160,\"caption\":\"Sophie Righetti\"},\"logo\":{\"@id\":\"https:\\\/\\\/amesophro.com\\\/wp-content\\\/uploads\\\/2022\\\/11\\\/10.png\"},\"sameAs\":[\"https:\\\/\\\/www.instagram.com\\\/leslowstudio\\\/?next=oauthauthorizeresponse_typecodeclient_id3636846253273131redirect_urihttpspublic-api.wordpress.comconnectstateeyJtYWdpYyI6ImtleXJpbmciLCJhY3Rpb24iOiJ2ZXJpZnkiLCJrcl9ub25jZSI6IjUyY2I0OTkzYmIiLCJub25jZSI6IjhiNTMxOGUyNGQiLCJzZXJ2aWNlIjoiaW5zdGFncmFtLWJhc2ljLWRpc3BsYXkiLCJzdGF0ZSI6NjU4NzEwNzgsImhhc2giOiIwMjJjNjQyYTUxYjUwZDVkZGIwNGY1YTQyZjAwYzM5OTZhYjc1ZjY4N2ExNmJkMzgzMjNhNWM4M2E2YzczYThhIn0scopeinstagram_business_basiclogger_id0b404ff3-58ff-4f47-a00a-0d48537b5794\"]}]}<\/script>\n<!-- \/ Yoast SEO plugin. -->","yoast_head_json":{"title":"Th\u00e9rapie Florale : Pour Qui &amp; pour quoi ? - Sophie RIGHETTI","robots":{"index":"index","follow":"follow","max-snippet":"max-snippet:-1","max-image-preview":"max-image-preview:large","max-video-preview":"max-video-preview:-1"},"canonical":"https:\/\/amesophro.com\/index.php\/floritherapie\/","og_locale":"fr_FR","og_type":"article","og_title":"Th\u00e9rapie Florale : Pour Qui &amp; pour quoi ? - Sophie RIGHETTI","og_description":"Quels sont les b\u00e9n\u00e9fices de la florith\u00e9rapie ? Liste non exhaustive Pr\u00e9sentation Les fleurs de Bach (pour les plus connues) et les \u00e9lixirs floraux sont des extraits liquides pr\u00e9par\u00e9s par infusion de fleurs (solarisation). Chaque esp\u00e8ce poss\u00e8de des qualit\u00e9s sp\u00e9cifiques qui vont agir sur l&rsquo;\u00e9tat \u00e9motionnel. C&rsquo;est ce \u00e0 quoi je vais m&rsquo;int\u00e9resser pour cr\u00e9er &hellip;","og_url":"https:\/\/amesophro.com\/index.php\/floritherapie\/","og_site_name":"Sophie RIGHETTI","article_modified_time":"2026-03-18T14:47:28+00:00","og_image":[{"width":1300,"height":1300,"url":"https:\/\/amesophro.com\/wp-content\/uploads\/2023\/04\/pexels-photo-3706363.jpeg","type":"image\/jpeg"}],"twitter_card":"summary_large_image","twitter_misc":{"Dur\u00e9e de lecture estim\u00e9e":"2 minutes"},"schema":{"@context":"https:\/\/schema.org","@graph":[{"@type":"WebPage","@id":"https:\/\/amesophro.com\/index.php\/floritherapie\/","url":"https:\/\/amesophro.com\/index.php\/floritherapie\/","name":"Th\u00e9rapie Florale : Pour Qui &amp; pour quoi ? - Sophie RIGHETTI","isPartOf":{"@id":"https:\/\/amesophro.com\/#website"},"primaryImageOfPage":{"@id":"https:\/\/amesophro.com\/index.php\/floritherapie\/#primaryimage"},"image":{"@id":"https:\/\/amesophro.com\/index.php\/floritherapie\/#primaryimage"},"thumbnailUrl":"https:\/\/amesophro.com\/wp-content\/uploads\/2023\/04\/pexels-photo-3706363.jpeg","datePublished":"2023-04-01T09:33:48+00:00","dateModified":"2026-03-18T14:47:28+00:00","breadcrumb":{"@id":"https:\/\/amesophro.com\/index.php\/floritherapie\/#breadcrumb"},"inLanguage":"fr-FR","potentialAction":[{"@type":"ReadAction","target":["https:\/\/amesophro.com\/index.php\/floritherapie\/"]}]},{"@type":"ImageObject","inLanguage":"fr-FR","@id":"https:\/\/amesophro.com\/index.php\/floritherapie\/#primaryimage","url":"https:\/\/amesophro.com\/wp-content\/uploads\/2023\/04\/pexels-photo-3706363.jpeg","contentUrl":"https:\/\/amesophro.com\/wp-content\/uploads\/2023\/04\/pexels-photo-3706363.jpeg","width":1300,"height":1300,"caption":"Photo by Laura Reed on Pexels.com"},{"@type":"BreadcrumbList","@id":"https:\/\/amesophro.com\/index.php\/floritherapie\/#breadcrumb","itemListElement":[{"@type":"ListItem","position":1,"name":"Accueil","item":"https:\/\/amesophro.com\/"},{"@type":"ListItem","position":2,"name":"Th\u00e9rapie Florale : Pour Qui &amp; pour quoi ?"}]},{"@type":"WebSite","@id":"https:\/\/amesophro.com\/#website","url":"https:\/\/amesophro.com\/","name":"Sophie RIGHETTI","description":"Florith\u00e9rapie &amp; Hom\u00e9opathie","publisher":{"@id":"https:\/\/amesophro.com\/#\/schema\/person\/5582b2a0e8cc8ecbbec1c08c6b998a36"},"potentialAction":[{"@type":"SearchAction","target":{"@type":"EntryPoint","urlTemplate":"https:\/\/amesophro.com\/?s={search_term_string}"},"query-input":{"@type":"PropertyValueSpecification","valueRequired":true,"valueName":"search_term_string"}}],"inLanguage":"fr-FR"},{"@type":["Person","Organization"],"@id":"https:\/\/amesophro.com\/#\/schema\/person\/5582b2a0e8cc8ecbbec1c08c6b998a36","name":"Sophie Righetti","image":{"@type":"ImageObject","inLanguage":"fr-FR","@id":"https:\/\/amesophro.com\/wp-content\/uploads\/2022\/11\/10.png","url":"https:\/\/amesophro.com\/wp-content\/uploads\/2022\/11\/10.png","contentUrl":"https:\/\/amesophro.com\/wp-content\/uploads\/2022\/11\/10.png","width":2160,"height":2160,"caption":"Sophie Righetti"},"logo":{"@id":"https:\/\/amesophro.com\/wp-content\/uploads\/2022\/11\/10.png"},"sameAs":["https:\/\/www.instagram.com\/leslowstudio\/?next=oauthauthorizeresponse_typecodeclient_id3636846253273131redirect_urihttpspublic-api.wordpress.comconnectstateeyJtYWdpYyI6ImtleXJpbmciLCJhY3Rpb24iOiJ2ZXJpZnkiLCJrcl9ub25jZSI6IjUyY2I0OTkzYmIiLCJub25jZSI6IjhiNTMxOGUyNGQiLCJzZXJ2aWNlIjoiaW5zdGFncmFtLWJhc2ljLWRpc3BsYXkiLCJzdGF0ZSI6NjU4NzEwNzgsImhhc2giOiIwMjJjNjQyYTUxYjUwZDVkZGIwNGY1YTQyZjAwYzM5OTZhYjc1ZjY4N2ExNmJkMzgzMjNhNWM4M2E2YzczYThhIn0scopeinstagram_business_basiclogger_id0b404ff3-58ff-4f47-a00a-0d48537b5794"]}]}},"jetpack_sharing_enabled":true,"_links":{"self":[{"href":"https:\/\/amesophro.com\/index.php\/wp-json\/wp\/v2\/pages\/1348","targetHints":{"allow":["GET"]}}],"collection":[{"href":"https:\/\/amesophro.com\/index.php\/wp-json\/wp\/v2\/pages"}],"about":[{"href":"https:\/\/amesophro.com\/index.php\/wp-json\/wp\/v2\/types\/page"}],"author":[{"embeddable":true,"href":"https:\/\/amesophro.com\/index.php\/wp-json\/wp\/v2\/users\/1"}],"replies":[{"embeddable":true,"href":"https:\/\/amesophro.com\/index.php\/wp-json\/wp\/v2\/comments?post=1348"}],"version-history":[{"count":25,"href":"https:\/\/amesophro.com\/index.php\/wp-json\/wp\/v2\/pages\/1348\/revisions"}],"predecessor-version":[{"id":3367,"href":"https:\/\/amesophro.com\/index.php\/wp-json\/wp\/v2\/pages\/1348\/revisions\/3367"}],"wp:attachment":[{"href":"https:\/\/amesophro.com\/index.php\/wp-json\/wp\/v2\/media?parent=1348"}],"curies":[{"name":"wp","href":"https:\/\/api.w.org\/{rel}","templated":true}]}}