{"id":1425,"date":"2023-10-18T11:24:09","date_gmt":"2023-10-18T09:24:09","guid":{"rendered":"https:\/\/amesophro.com\/?page_id=1425"},"modified":"2025-07-08T16:34:52","modified_gmt":"2025-07-08T14:34:52","slug":"sophro-yoga","status":"publish","type":"page","link":"https:\/\/amesophro.com\/index.php\/sophro-yoga\/","title":{"rendered":"SOPHRO-YOGA NIDRA"},"content":{"rendered":"\n<pre class=\"wp-block-verse has-text-align-center\"><em>Vous \u00eates d\u00e9sireux(se) d'ajouter un temps de pause dans votre vie bien dynamique et charg\u00e9e ?\nVous avez envie de renouer un lien profond avec votre corps pour mieux l'entendre ?\nVous souhaitez une pratique qui allie mouvements doux, postures statiques et relaxation ?<\/em>\n\n<em>Alors vous \u00eates au bon endroit\n<\/em><\/pre>\n\n\n\n<p><\/p>\n\n\n\n<h3 class=\"wp-block-heading\">\u00c7a ressemble \u00e0 quoi une s\u00e9ance de Sophro-Yoga Nidra?<\/h3>\n\n\n\n<p><\/p>\n\n\n\n<p class=\"has-text-align-center has-medium-font-size\"><strong>Du Mouvement Lent<\/strong><\/p>\n\n\n\n<p>Un temps pour s&rsquo;accueillir, r\u00e9veiller son corps sur des musiques douces, avec des mouvements lents et harmonis\u00e9s \u00e0 la respiration.<\/p>\n\n\n\n<p><\/p>\n\n\n\n<p class=\"has-text-align-center has-medium-font-size\"><strong>De l\u2019\u00c9tirement Profond<\/strong><\/p>\n\n\n\n<p>Avec des postures de <strong>Yin Yoga,<\/strong> un type de yoga qui pr\u00f4ne la lenteur et l&rsquo;immobilisme. Un moment pour \u00e9tirer les tissus profonds du corps (fascias, tendons, ligaments, os).<\/p>\n\n\n\n<p><\/p>\n\n\n\n<p class=\"has-text-align-center has-medium-font-size\"><strong>De la Relaxation Intense<\/strong><\/p>\n\n\n\n<p>Avec le <strong>yoga Nidra<\/strong>, un yoga tr\u00e8s m\u00e9ditatif proche de la relaxation, qui vous portera dans cet espace entre veille et sommeil. Un v\u00e9ritable temps de d\u00e9tente pour laisser infuser la s\u00e9ance, pour se rel\u00e2cher et se r\u00e9g\u00e9n\u00e9rer avant de reprendre le fil de la journ\u00e9e. <\/p>\n\n\n\n<p><\/p>\n\n\n<div class=\"wp-block-image\">\n<figure class=\"aligncenter size-full is-resized\"><img loading=\"lazy\" decoding=\"async\" width=\"867\" height=\"1300\" src=\"https:\/\/amesophro.com\/wp-content\/uploads\/2024\/02\/pexels-photo-3822647.jpeg\" alt=\"woman relaxing in yoga mat\" class=\"wp-image-1682\" style=\"aspect-ratio:0.75;width:296px;height:auto\" srcset=\"https:\/\/amesophro.com\/wp-content\/uploads\/2024\/02\/pexels-photo-3822647.jpeg 867w, https:\/\/amesophro.com\/wp-content\/uploads\/2024\/02\/pexels-photo-3822647-200x300.jpeg 200w, https:\/\/amesophro.com\/wp-content\/uploads\/2024\/02\/pexels-photo-3822647-683x1024.jpeg 683w, https:\/\/amesophro.com\/wp-content\/uploads\/2024\/02\/pexels-photo-3822647-768x1152.jpeg 768w, https:\/\/amesophro.com\/wp-content\/uploads\/2024\/02\/pexels-photo-3822647-600x900.jpeg 600w\" sizes=\"auto, (max-width: 867px) 100vw, 867px\" \/><figcaption class=\"wp-element-caption\">Photo by Elina Fairytale on <a href=\"https:\/\/www.pexels.com\/photo\/woman-relaxing-in-yoga-mat-3822647\/\" rel=\"nofollow\">Pexels.com<\/a><\/figcaption><\/figure>\n<\/div>\n\n\n<p><\/p>\n\n\n\n<p class=\"has-text-align-center\"><strong>Ces s\u00e9ances sont des moments suspendus, des temps de pause, d&rsquo;exploration, et d&rsquo;\u00e9coute de soi. Ce sont des temps de ralentissement, de pr\u00e9sence. Des temps simple, doux, et calmes. Sans extravagance.<\/strong><\/p>\n\n\n\n<p><\/p>\n\n\n\n<blockquote class=\"wp-block-quote is-layout-flow wp-block-quote-is-layout-flow\">\n<p class=\"has-text-align-center\"><em>Les mots d&rsquo;ordre : Ralentissement &#8211; Ecoute de Soi &#8211; Douceur<\/em><\/p>\n\n\n\n<p><\/p>\n<\/blockquote>\n\n\n\n<p><\/p>\n\n\n<div class=\"wp-block-image\">\n<figure class=\"aligncenter size-large is-resized\"><img loading=\"lazy\" decoding=\"async\" width=\"683\" height=\"1024\" src=\"https:\/\/amesophro.com\/wp-content\/uploads\/2021\/09\/pexels-photo-3822622-683x1024.jpeg\" alt=\"candles and incense for meditation\" class=\"wp-image-813\" style=\"aspect-ratio:0.6669921875;width:364px;height:auto\" srcset=\"https:\/\/amesophro.com\/wp-content\/uploads\/2021\/09\/pexels-photo-3822622-683x1024.jpeg 683w, https:\/\/amesophro.com\/wp-content\/uploads\/2021\/09\/pexels-photo-3822622-200x300.jpeg 200w, https:\/\/amesophro.com\/wp-content\/uploads\/2021\/09\/pexels-photo-3822622-768x1152.jpeg 768w, https:\/\/amesophro.com\/wp-content\/uploads\/2021\/09\/pexels-photo-3822622.jpeg 867w\" sizes=\"auto, (max-width: 683px) 100vw, 683px\" \/><figcaption class=\"wp-element-caption\">Photo by Elina Fairytale on <a href=\"https:\/\/www.pexels.com\/photo\/candles-and-incense-for-meditation-3822622\/\" rel=\"nofollow\">Pexels.com<\/a><\/figcaption><\/figure>\n<\/div>\n\n\n<p><\/p>\n\n\n\n<h4 class=\"wp-block-heading\">Quels sont les principes d&rsquo;une s\u00e9ance de Sophro-Yoga ?<\/h4>\n\n\n\n<ul class=\"wp-block-list\">\n<li>Des temps de <strong>reliance<\/strong> et de <strong>pr\u00e9sence<\/strong> \u00e0 Soi. Il n&rsquo;y a ni performance, ni jugement, ni comparaison. Vous allez dans vos propres limites du moment, sans forcer (jamais de douleurs).<\/li>\n<\/ul>\n\n\n\n<p><\/p>\n\n\n\n<ul class=\"wp-block-list\">\n<li>Tout au long de la s\u00e9ance, vous avez un fil rouge : <strong>Votre Respiration<\/strong>. Telle une meilleure amie qui vous tiendrait la main, son \u00e9coute vous permettra d&rsquo;aller l\u00e0 ou c&rsquo;est ok pour vous. Ni trop, ni pas assez.<\/li>\n<\/ul>\n\n\n\n<p><\/p>\n\n\n\n<ul class=\"wp-block-list\">\n<li><em><strong>\u00ab\u00a0Faire peu, ressentir beaucoup\u00a0\u00bb<\/strong><\/em>. Dans la partie Yin Yoga, on cherche l&rsquo;\u00e9tirement profond, l&rsquo;immobilit\u00e9, la lenteur et le ralentissement. On laisse la gravit\u00e9 faire, les muscles sont rel\u00e2ch\u00e9s. On accepte l&rsquo;inconfort, on observe ce qui se pr\u00e9sente sans s&rsquo;y accrocher. Le yin yoga est une v\u00e9ritable pratique de l\u00e2cher prise, de laisser aller.<\/li>\n\n\n\n<li><\/li>\n<\/ul>\n\n\n\n<p><\/p>\n\n\n\n<p class=\"has-text-align-center has-vivid-cyan-blue-color has-text-color has-large-font-size\"><a href=\"https:\/\/perfactive.fr\/sophie-righetti\/sophie-righetti\/book\" data-type=\"link\" data-id=\"https:\/\/live.vcita.com\/site\/fzb8vt423dnzz2tj\/activity\/dashboard\">Pour r\u00e9server une s\u00e9ance<\/a><\/p>\n\n\n\n<p><\/p>\n","protected":false},"excerpt":{"rendered":"<p>Vous \u00eates d\u00e9sireux(se) d&rsquo;ajouter un temps de pause dans votre vie bien dynamique et charg\u00e9e ? Vous avez envie de renouer un lien profond avec votre corps pour mieux l&rsquo;entendre ? Vous souhaitez une pratique qui allie mouvements doux, postures statiques et relaxation ? Alors vous \u00eates au bon endroit \u00c7a ressemble \u00e0 quoi une &hellip; <\/p>\n","protected":false},"author":1,"featured_media":0,"parent":0,"menu_order":0,"comment_status":"closed","ping_status":"closed","template":"","meta":{"footnotes":""},"class_list":["post-1425","page","type-page","status-publish","hentry"],"yoast_head":"<!-- This site is optimized with the Yoast SEO plugin v27.4 - https:\/\/yoast.com\/product\/yoast-seo-wordpress\/ -->\n<title>SOPHRO-YOGA NIDRA - Sophie RIGHETTI<\/title>\n<meta name=\"robots\" content=\"index, follow, max-snippet:-1, max-image-preview:large, max-video-preview:-1\" \/>\n<link rel=\"canonical\" href=\"https:\/\/amesophro.com\/index.php\/sophro-yoga\/\" \/>\n<meta property=\"og:locale\" content=\"fr_FR\" \/>\n<meta property=\"og:type\" content=\"article\" \/>\n<meta property=\"og:title\" content=\"SOPHRO-YOGA NIDRA - Sophie RIGHETTI\" \/>\n<meta property=\"og:description\" content=\"Vous \u00eates d\u00e9sireux(se) d&#039;ajouter un temps de pause dans votre vie bien dynamique et charg\u00e9e ? Vous avez envie de renouer un lien profond avec votre corps pour mieux l&#039;entendre ? Vous souhaitez une pratique qui allie mouvements doux, postures statiques et relaxation ? Alors vous \u00eates au bon endroit \u00c7a ressemble \u00e0 quoi une &hellip;\" \/>\n<meta property=\"og:url\" content=\"https:\/\/amesophro.com\/index.php\/sophro-yoga\/\" \/>\n<meta property=\"og:site_name\" content=\"Sophie RIGHETTI\" \/>\n<meta property=\"article:modified_time\" content=\"2025-07-08T14:34:52+00:00\" \/>\n<meta property=\"og:image\" content=\"https:\/\/amesophro.com\/wp-content\/uploads\/2023\/10\/1697548141890-1.jpg\" \/>\n\t<meta property=\"og:image:width\" content=\"750\" \/>\n\t<meta property=\"og:image:height\" content=\"1000\" \/>\n\t<meta property=\"og:image:type\" content=\"image\/jpeg\" \/>\n<meta name=\"twitter:card\" content=\"summary_large_image\" \/>\n<meta name=\"twitter:label1\" content=\"Dur\u00e9e de lecture estim\u00e9e\" \/>\n\t<meta name=\"twitter:data1\" content=\"4 minutes\" \/>\n<script type=\"application\/ld+json\" class=\"yoast-schema-graph\">{\"@context\":\"https:\\\/\\\/schema.org\",\"@graph\":[{\"@type\":\"WebPage\",\"@id\":\"https:\\\/\\\/amesophro.com\\\/index.php\\\/sophro-yoga\\\/\",\"url\":\"https:\\\/\\\/amesophro.com\\\/index.php\\\/sophro-yoga\\\/\",\"name\":\"SOPHRO-YOGA NIDRA - Sophie RIGHETTI\",\"isPartOf\":{\"@id\":\"https:\\\/\\\/amesophro.com\\\/#website\"},\"primaryImageOfPage\":{\"@id\":\"https:\\\/\\\/amesophro.com\\\/index.php\\\/sophro-yoga\\\/#primaryimage\"},\"image\":{\"@id\":\"https:\\\/\\\/amesophro.com\\\/index.php\\\/sophro-yoga\\\/#primaryimage\"},\"thumbnailUrl\":\"https:\\\/\\\/amesophro.com\\\/wp-content\\\/uploads\\\/2024\\\/02\\\/pexels-photo-3822647.jpeg\",\"datePublished\":\"2023-10-18T09:24:09+00:00\",\"dateModified\":\"2025-07-08T14:34:52+00:00\",\"breadcrumb\":{\"@id\":\"https:\\\/\\\/amesophro.com\\\/index.php\\\/sophro-yoga\\\/#breadcrumb\"},\"inLanguage\":\"fr-FR\",\"potentialAction\":[{\"@type\":\"ReadAction\",\"target\":[\"https:\\\/\\\/amesophro.com\\\/index.php\\\/sophro-yoga\\\/\"]}]},{\"@type\":\"ImageObject\",\"inLanguage\":\"fr-FR\",\"@id\":\"https:\\\/\\\/amesophro.com\\\/index.php\\\/sophro-yoga\\\/#primaryimage\",\"url\":\"https:\\\/\\\/amesophro.com\\\/wp-content\\\/uploads\\\/2024\\\/02\\\/pexels-photo-3822647.jpeg\",\"contentUrl\":\"https:\\\/\\\/amesophro.com\\\/wp-content\\\/uploads\\\/2024\\\/02\\\/pexels-photo-3822647.jpeg\",\"width\":867,\"height\":1300,\"caption\":\"Photo by Elina Fairytale on Pexels.com\"},{\"@type\":\"BreadcrumbList\",\"@id\":\"https:\\\/\\\/amesophro.com\\\/index.php\\\/sophro-yoga\\\/#breadcrumb\",\"itemListElement\":[{\"@type\":\"ListItem\",\"position\":1,\"name\":\"Accueil\",\"item\":\"https:\\\/\\\/amesophro.com\\\/\"},{\"@type\":\"ListItem\",\"position\":2,\"name\":\"SOPHRO-YOGA\"}]},{\"@type\":\"WebSite\",\"@id\":\"https:\\\/\\\/amesophro.com\\\/#website\",\"url\":\"https:\\\/\\\/amesophro.com\\\/\",\"name\":\"Sophie RIGHETTI\",\"description\":\"Florith\u00e9rapie &amp; Hom\u00e9opathie\",\"publisher\":{\"@id\":\"https:\\\/\\\/amesophro.com\\\/#\\\/schema\\\/person\\\/5582b2a0e8cc8ecbbec1c08c6b998a36\"},\"potentialAction\":[{\"@type\":\"SearchAction\",\"target\":{\"@type\":\"EntryPoint\",\"urlTemplate\":\"https:\\\/\\\/amesophro.com\\\/?s={search_term_string}\"},\"query-input\":{\"@type\":\"PropertyValueSpecification\",\"valueRequired\":true,\"valueName\":\"search_term_string\"}}],\"inLanguage\":\"fr-FR\"},{\"@type\":[\"Person\",\"Organization\"],\"@id\":\"https:\\\/\\\/amesophro.com\\\/#\\\/schema\\\/person\\\/5582b2a0e8cc8ecbbec1c08c6b998a36\",\"name\":\"Sophie Righetti\",\"image\":{\"@type\":\"ImageObject\",\"inLanguage\":\"fr-FR\",\"@id\":\"https:\\\/\\\/amesophro.com\\\/wp-content\\\/uploads\\\/2022\\\/11\\\/10.png\",\"url\":\"https:\\\/\\\/amesophro.com\\\/wp-content\\\/uploads\\\/2022\\\/11\\\/10.png\",\"contentUrl\":\"https:\\\/\\\/amesophro.com\\\/wp-content\\\/uploads\\\/2022\\\/11\\\/10.png\",\"width\":2160,\"height\":2160,\"caption\":\"Sophie Righetti\"},\"logo\":{\"@id\":\"https:\\\/\\\/amesophro.com\\\/wp-content\\\/uploads\\\/2022\\\/11\\\/10.png\"},\"sameAs\":[\"https:\\\/\\\/www.instagram.com\\\/leslowstudio\\\/?next=oauthauthorizeresponse_typecodeclient_id3636846253273131redirect_urihttpspublic-api.wordpress.comconnectstateeyJtYWdpYyI6ImtleXJpbmciLCJhY3Rpb24iOiJ2ZXJpZnkiLCJrcl9ub25jZSI6IjUyY2I0OTkzYmIiLCJub25jZSI6IjhiNTMxOGUyNGQiLCJzZXJ2aWNlIjoiaW5zdGFncmFtLWJhc2ljLWRpc3BsYXkiLCJzdGF0ZSI6NjU4NzEwNzgsImhhc2giOiIwMjJjNjQyYTUxYjUwZDVkZGIwNGY1YTQyZjAwYzM5OTZhYjc1ZjY4N2ExNmJkMzgzMjNhNWM4M2E2YzczYThhIn0scopeinstagram_business_basiclogger_id0b404ff3-58ff-4f47-a00a-0d48537b5794\"]}]}<\/script>\n<!-- \/ Yoast SEO plugin. -->","yoast_head_json":{"title":"SOPHRO-YOGA NIDRA - Sophie RIGHETTI","robots":{"index":"index","follow":"follow","max-snippet":"max-snippet:-1","max-image-preview":"max-image-preview:large","max-video-preview":"max-video-preview:-1"},"canonical":"https:\/\/amesophro.com\/index.php\/sophro-yoga\/","og_locale":"fr_FR","og_type":"article","og_title":"SOPHRO-YOGA NIDRA - Sophie RIGHETTI","og_description":"Vous \u00eates d\u00e9sireux(se) d'ajouter un temps de pause dans votre vie bien dynamique et charg\u00e9e ? Vous avez envie de renouer un lien profond avec votre corps pour mieux l'entendre ? Vous souhaitez une pratique qui allie mouvements doux, postures statiques et relaxation ? Alors vous \u00eates au bon endroit \u00c7a ressemble \u00e0 quoi une &hellip;","og_url":"https:\/\/amesophro.com\/index.php\/sophro-yoga\/","og_site_name":"Sophie RIGHETTI","article_modified_time":"2025-07-08T14:34:52+00:00","og_image":[{"width":750,"height":1000,"url":"https:\/\/amesophro.com\/wp-content\/uploads\/2023\/10\/1697548141890-1.jpg","type":"image\/jpeg"}],"twitter_card":"summary_large_image","twitter_misc":{"Dur\u00e9e de lecture estim\u00e9e":"4 minutes"},"schema":{"@context":"https:\/\/schema.org","@graph":[{"@type":"WebPage","@id":"https:\/\/amesophro.com\/index.php\/sophro-yoga\/","url":"https:\/\/amesophro.com\/index.php\/sophro-yoga\/","name":"SOPHRO-YOGA NIDRA - Sophie RIGHETTI","isPartOf":{"@id":"https:\/\/amesophro.com\/#website"},"primaryImageOfPage":{"@id":"https:\/\/amesophro.com\/index.php\/sophro-yoga\/#primaryimage"},"image":{"@id":"https:\/\/amesophro.com\/index.php\/sophro-yoga\/#primaryimage"},"thumbnailUrl":"https:\/\/amesophro.com\/wp-content\/uploads\/2024\/02\/pexels-photo-3822647.jpeg","datePublished":"2023-10-18T09:24:09+00:00","dateModified":"2025-07-08T14:34:52+00:00","breadcrumb":{"@id":"https:\/\/amesophro.com\/index.php\/sophro-yoga\/#breadcrumb"},"inLanguage":"fr-FR","potentialAction":[{"@type":"ReadAction","target":["https:\/\/amesophro.com\/index.php\/sophro-yoga\/"]}]},{"@type":"ImageObject","inLanguage":"fr-FR","@id":"https:\/\/amesophro.com\/index.php\/sophro-yoga\/#primaryimage","url":"https:\/\/amesophro.com\/wp-content\/uploads\/2024\/02\/pexels-photo-3822647.jpeg","contentUrl":"https:\/\/amesophro.com\/wp-content\/uploads\/2024\/02\/pexels-photo-3822647.jpeg","width":867,"height":1300,"caption":"Photo by Elina Fairytale on Pexels.com"},{"@type":"BreadcrumbList","@id":"https:\/\/amesophro.com\/index.php\/sophro-yoga\/#breadcrumb","itemListElement":[{"@type":"ListItem","position":1,"name":"Accueil","item":"https:\/\/amesophro.com\/"},{"@type":"ListItem","position":2,"name":"SOPHRO-YOGA"}]},{"@type":"WebSite","@id":"https:\/\/amesophro.com\/#website","url":"https:\/\/amesophro.com\/","name":"Sophie RIGHETTI","description":"Florith\u00e9rapie &amp; Hom\u00e9opathie","publisher":{"@id":"https:\/\/amesophro.com\/#\/schema\/person\/5582b2a0e8cc8ecbbec1c08c6b998a36"},"potentialAction":[{"@type":"SearchAction","target":{"@type":"EntryPoint","urlTemplate":"https:\/\/amesophro.com\/?s={search_term_string}"},"query-input":{"@type":"PropertyValueSpecification","valueRequired":true,"valueName":"search_term_string"}}],"inLanguage":"fr-FR"},{"@type":["Person","Organization"],"@id":"https:\/\/amesophro.com\/#\/schema\/person\/5582b2a0e8cc8ecbbec1c08c6b998a36","name":"Sophie Righetti","image":{"@type":"ImageObject","inLanguage":"fr-FR","@id":"https:\/\/amesophro.com\/wp-content\/uploads\/2022\/11\/10.png","url":"https:\/\/amesophro.com\/wp-content\/uploads\/2022\/11\/10.png","contentUrl":"https:\/\/amesophro.com\/wp-content\/uploads\/2022\/11\/10.png","width":2160,"height":2160,"caption":"Sophie Righetti"},"logo":{"@id":"https:\/\/amesophro.com\/wp-content\/uploads\/2022\/11\/10.png"},"sameAs":["https:\/\/www.instagram.com\/leslowstudio\/?next=oauthauthorizeresponse_typecodeclient_id3636846253273131redirect_urihttpspublic-api.wordpress.comconnectstateeyJtYWdpYyI6ImtleXJpbmciLCJhY3Rpb24iOiJ2ZXJpZnkiLCJrcl9ub25jZSI6IjUyY2I0OTkzYmIiLCJub25jZSI6IjhiNTMxOGUyNGQiLCJzZXJ2aWNlIjoiaW5zdGFncmFtLWJhc2ljLWRpc3BsYXkiLCJzdGF0ZSI6NjU4NzEwNzgsImhhc2giOiIwMjJjNjQyYTUxYjUwZDVkZGIwNGY1YTQyZjAwYzM5OTZhYjc1ZjY4N2ExNmJkMzgzMjNhNWM4M2E2YzczYThhIn0scopeinstagram_business_basiclogger_id0b404ff3-58ff-4f47-a00a-0d48537b5794"]}]}},"jetpack_sharing_enabled":true,"_links":{"self":[{"href":"https:\/\/amesophro.com\/index.php\/wp-json\/wp\/v2\/pages\/1425","targetHints":{"allow":["GET"]}}],"collection":[{"href":"https:\/\/amesophro.com\/index.php\/wp-json\/wp\/v2\/pages"}],"about":[{"href":"https:\/\/amesophro.com\/index.php\/wp-json\/wp\/v2\/types\/page"}],"author":[{"embeddable":true,"href":"https:\/\/amesophro.com\/index.php\/wp-json\/wp\/v2\/users\/1"}],"replies":[{"embeddable":true,"href":"https:\/\/amesophro.com\/index.php\/wp-json\/wp\/v2\/comments?post=1425"}],"version-history":[{"count":16,"href":"https:\/\/amesophro.com\/index.php\/wp-json\/wp\/v2\/pages\/1425\/revisions"}],"predecessor-version":[{"id":2628,"href":"https:\/\/amesophro.com\/index.php\/wp-json\/wp\/v2\/pages\/1425\/revisions\/2628"}],"wp:attachment":[{"href":"https:\/\/amesophro.com\/index.php\/wp-json\/wp\/v2\/media?parent=1425"}],"curies":[{"name":"wp","href":"https:\/\/api.w.org\/{rel}","templated":true}]}}