{"id":1457,"date":"2023-10-18T12:55:26","date_gmt":"2023-10-18T10:55:26","guid":{"rendered":"https:\/\/amesophro.com\/?page_id=1457"},"modified":"2025-07-08T16:44:57","modified_gmt":"2025-07-08T14:44:57","slug":"ateliers","status":"publish","type":"page","link":"https:\/\/amesophro.com\/index.php\/ateliers\/","title":{"rendered":"ATELIERS"},"content":{"rendered":"\n<p>Je vous propose des ateliers sur des th\u00e9matiques vari\u00e9es:<\/p>\n\n\n\n<h3 class=\"wp-block-heading has-text-align-center\">Atelier SOPHRO-CACAO<\/h3>\n\n\n<div class=\"wp-block-image\">\n<figure class=\"aligncenter size-full\"><img loading=\"lazy\" decoding=\"async\" width=\"424\" height=\"283\" src=\"https:\/\/amesophro.com\/wp-content\/uploads\/2023\/10\/1683542237330.jpg\" alt=\"\" class=\"wp-image-1458\" srcset=\"https:\/\/amesophro.com\/wp-content\/uploads\/2023\/10\/1683542237330.jpg 424w, https:\/\/amesophro.com\/wp-content\/uploads\/2023\/10\/1683542237330-300x200.jpg 300w\" sizes=\"auto, (max-width: 424px) 100vw, 424px\" \/><figcaption class=\"wp-element-caption\">Chocolat, feves et cabosses. Vanille en gousse<\/figcaption><\/figure>\n<\/div>\n\n\n<p><strong>En collaboration avec<a href=\"https:\/\/laglaceriecastignoli.fr\" data-type=\"link\" data-id=\"https:\/\/laglaceriecastignoli.fr\"> La Glacerie Castignoli<\/a><\/strong><\/p>\n\n\n\n<p>Lors de cet atelier, vous partirez \u00e0 la d\u00e9couverte du cacao \u00e0 travers tous vos sens.<\/p>\n\n\n\n<p>Dans une premi\u00e8re partie, vous d\u00e9couvrirez l&rsquo;histoire du cacao au travers des si\u00e8cles, puis les diff\u00e9rentes \u00e9tapes de fabrication et de transformation, de la cabosse \u00e0 la tablette. <\/p>\n\n\n\n<p>Dans une seconde partie, apr\u00e8s une courte m\u00e9ditation, vous d\u00e9gusterez en pleine conscience une cabosse fra\u00eeche et diff\u00e9rents chocolats, de quoi \u00e9veiller tous vos sens et l&rsquo;occasion de partager vos ressentis.<\/p>\n\n\n\n<p><em>Dur\u00e9e : 1h30<\/em><\/p>\n\n\n\n<p class=\"has-small-font-size\"><em>NB : Un minimum de 8 personnes est requis pour cet atelier<\/em><\/p>\n\n\n\n<p><em>Possibilit\u00e9 d&rsquo;animer cet atelier en entreprise (devis sur demande)<\/em><\/p>\n\n\n\n<p><\/p>\n\n\n\n<h3 class=\"wp-block-heading has-text-align-center\">D\u00e9couvertes des FLEURS DE BACH<\/h3>\n\n\n<div class=\"wp-block-image\">\n<figure class=\"aligncenter size-large is-resized\"><img loading=\"lazy\" decoding=\"async\" width=\"1024\" height=\"769\" src=\"https:\/\/amesophro.com\/wp-content\/uploads\/2019\/11\/pexels-photo-8100779-1024x769.jpeg\" alt=\"white and brown bottles on brown wooden round table\" class=\"wp-image-853\" style=\"aspect-ratio:1.3315994798439532;width:388px;height:auto\" srcset=\"https:\/\/amesophro.com\/wp-content\/uploads\/2019\/11\/pexels-photo-8100779-1024x769.jpeg 1024w, https:\/\/amesophro.com\/wp-content\/uploads\/2019\/11\/pexels-photo-8100779-300x225.jpeg 300w, https:\/\/amesophro.com\/wp-content\/uploads\/2019\/11\/pexels-photo-8100779-768x577.jpeg 768w, https:\/\/amesophro.com\/wp-content\/uploads\/2019\/11\/pexels-photo-8100779-1536x1154.jpeg 1536w, https:\/\/amesophro.com\/wp-content\/uploads\/2019\/11\/pexels-photo-8100779.jpeg 1731w\" sizes=\"auto, (max-width: 1024px) 100vw, 1024px\" \/><figcaption class=\"wp-element-caption\">Photo by Polina Kovaleva on <a href=\"https:\/\/www.pexels.com\/photo\/white-and-brown-bottles-on-brown-wooden-round-table-8100779\/\" rel=\"nofollow\">Pexels.com<\/a><\/figcaption><\/figure>\n<\/div>\n\n\n<p>Lors de cet atelier, vous d\u00e9couvrirez l&rsquo;univers des fleurs de Bach et des \u00e9lixirs floraux contemporains : l&rsquo;histoire, les modes d&rsquo;action, les indications, mais aussi la facilit\u00e9 d&rsquo;utilisation des quintessences florales. Selon la th\u00e9matique choisie, diff\u00e9rentes fleurs vous seront pr\u00e9sent\u00e9es.<\/p>\n\n\n\n<p>A l&rsquo;issu de l&rsquo;atelier, vous pourrez confectionner votre m\u00e9lange floral lors d&rsquo;un moment d&rsquo;\u00e9change convivial et repartir avec.<\/p>\n\n\n\n<p>Dur\u00e9e : 1h30<\/p>\n\n\n\n<p><em>Possibilit\u00e9 d&rsquo;animer cet atelier en entreprise (devis sur demande)<\/em><\/p>\n\n\n\n<h3 class=\"wp-block-heading has-text-align-center\"><\/h3>\n","protected":false},"excerpt":{"rendered":"<p>Je vous propose des ateliers sur des th\u00e9matiques vari\u00e9es: Atelier SOPHRO-CACAO En collaboration avec La Glacerie Castignoli Lors de cet atelier, vous partirez \u00e0 la d\u00e9couverte du cacao \u00e0 travers tous vos sens. Dans une premi\u00e8re partie, vous d\u00e9couvrirez l&rsquo;histoire du cacao au travers des si\u00e8cles, puis les diff\u00e9rentes \u00e9tapes de fabrication et de transformation, &hellip; <\/p>\n","protected":false},"author":1,"featured_media":0,"parent":0,"menu_order":0,"comment_status":"closed","ping_status":"closed","template":"","meta":{"footnotes":""},"class_list":["post-1457","page","type-page","status-publish","hentry"],"yoast_head":"<!-- This site is optimized with the Yoast SEO plugin v27.4 - https:\/\/yoast.com\/product\/yoast-seo-wordpress\/ -->\n<title>ATELIERS - Sophie RIGHETTI<\/title>\n<meta name=\"robots\" content=\"index, follow, max-snippet:-1, max-image-preview:large, max-video-preview:-1\" \/>\n<link rel=\"canonical\" href=\"https:\/\/amesophro.com\/index.php\/ateliers\/\" \/>\n<meta property=\"og:locale\" content=\"fr_FR\" \/>\n<meta property=\"og:type\" content=\"article\" \/>\n<meta property=\"og:title\" content=\"ATELIERS - Sophie RIGHETTI\" \/>\n<meta property=\"og:description\" content=\"Je vous propose des ateliers sur des th\u00e9matiques vari\u00e9es: Atelier SOPHRO-CACAO En collaboration avec La Glacerie Castignoli Lors de cet atelier, vous partirez \u00e0 la d\u00e9couverte du cacao \u00e0 travers tous vos sens. Dans une premi\u00e8re partie, vous d\u00e9couvrirez l&rsquo;histoire du cacao au travers des si\u00e8cles, puis les diff\u00e9rentes \u00e9tapes de fabrication et de transformation, &hellip;\" \/>\n<meta property=\"og:url\" content=\"https:\/\/amesophro.com\/index.php\/ateliers\/\" \/>\n<meta property=\"og:site_name\" content=\"Sophie RIGHETTI\" \/>\n<meta property=\"article:modified_time\" content=\"2025-07-08T14:44:57+00:00\" \/>\n<meta property=\"og:image\" content=\"https:\/\/amesophro.com\/wp-content\/uploads\/2023\/10\/1683542237330.jpg\" \/>\n\t<meta property=\"og:image:width\" content=\"424\" \/>\n\t<meta property=\"og:image:height\" content=\"283\" \/>\n\t<meta property=\"og:image:type\" content=\"image\/jpeg\" \/>\n<meta name=\"twitter:card\" content=\"summary_large_image\" \/>\n<meta name=\"twitter:label1\" content=\"Dur\u00e9e de lecture estim\u00e9e\" \/>\n\t<meta name=\"twitter:data1\" content=\"1 minute\" \/>\n<script type=\"application\/ld+json\" class=\"yoast-schema-graph\">{\"@context\":\"https:\\\/\\\/schema.org\",\"@graph\":[{\"@type\":\"WebPage\",\"@id\":\"https:\\\/\\\/amesophro.com\\\/index.php\\\/ateliers\\\/\",\"url\":\"https:\\\/\\\/amesophro.com\\\/index.php\\\/ateliers\\\/\",\"name\":\"ATELIERS - Sophie RIGHETTI\",\"isPartOf\":{\"@id\":\"https:\\\/\\\/amesophro.com\\\/#website\"},\"primaryImageOfPage\":{\"@id\":\"https:\\\/\\\/amesophro.com\\\/index.php\\\/ateliers\\\/#primaryimage\"},\"image\":{\"@id\":\"https:\\\/\\\/amesophro.com\\\/index.php\\\/ateliers\\\/#primaryimage\"},\"thumbnailUrl\":\"https:\\\/\\\/amesophro.com\\\/wp-content\\\/uploads\\\/2023\\\/10\\\/1683542237330.jpg\",\"datePublished\":\"2023-10-18T10:55:26+00:00\",\"dateModified\":\"2025-07-08T14:44:57+00:00\",\"breadcrumb\":{\"@id\":\"https:\\\/\\\/amesophro.com\\\/index.php\\\/ateliers\\\/#breadcrumb\"},\"inLanguage\":\"fr-FR\",\"potentialAction\":[{\"@type\":\"ReadAction\",\"target\":[\"https:\\\/\\\/amesophro.com\\\/index.php\\\/ateliers\\\/\"]}]},{\"@type\":\"ImageObject\",\"inLanguage\":\"fr-FR\",\"@id\":\"https:\\\/\\\/amesophro.com\\\/index.php\\\/ateliers\\\/#primaryimage\",\"url\":\"https:\\\/\\\/amesophro.com\\\/wp-content\\\/uploads\\\/2023\\\/10\\\/1683542237330.jpg\",\"contentUrl\":\"https:\\\/\\\/amesophro.com\\\/wp-content\\\/uploads\\\/2023\\\/10\\\/1683542237330.jpg\",\"width\":424,\"height\":283,\"caption\":\"Chocolat, feves et cabosses. Vanille en gousse\"},{\"@type\":\"BreadcrumbList\",\"@id\":\"https:\\\/\\\/amesophro.com\\\/index.php\\\/ateliers\\\/#breadcrumb\",\"itemListElement\":[{\"@type\":\"ListItem\",\"position\":1,\"name\":\"Accueil\",\"item\":\"https:\\\/\\\/amesophro.com\\\/\"},{\"@type\":\"ListItem\",\"position\":2,\"name\":\"ATELIERS\"}]},{\"@type\":\"WebSite\",\"@id\":\"https:\\\/\\\/amesophro.com\\\/#website\",\"url\":\"https:\\\/\\\/amesophro.com\\\/\",\"name\":\"Sophie RIGHETTI\",\"description\":\"Florith\u00e9rapie &amp; Hom\u00e9opathie\",\"publisher\":{\"@id\":\"https:\\\/\\\/amesophro.com\\\/#\\\/schema\\\/person\\\/5582b2a0e8cc8ecbbec1c08c6b998a36\"},\"potentialAction\":[{\"@type\":\"SearchAction\",\"target\":{\"@type\":\"EntryPoint\",\"urlTemplate\":\"https:\\\/\\\/amesophro.com\\\/?s={search_term_string}\"},\"query-input\":{\"@type\":\"PropertyValueSpecification\",\"valueRequired\":true,\"valueName\":\"search_term_string\"}}],\"inLanguage\":\"fr-FR\"},{\"@type\":[\"Person\",\"Organization\"],\"@id\":\"https:\\\/\\\/amesophro.com\\\/#\\\/schema\\\/person\\\/5582b2a0e8cc8ecbbec1c08c6b998a36\",\"name\":\"Sophie Righetti\",\"image\":{\"@type\":\"ImageObject\",\"inLanguage\":\"fr-FR\",\"@id\":\"https:\\\/\\\/amesophro.com\\\/wp-content\\\/uploads\\\/2022\\\/11\\\/10.png\",\"url\":\"https:\\\/\\\/amesophro.com\\\/wp-content\\\/uploads\\\/2022\\\/11\\\/10.png\",\"contentUrl\":\"https:\\\/\\\/amesophro.com\\\/wp-content\\\/uploads\\\/2022\\\/11\\\/10.png\",\"width\":2160,\"height\":2160,\"caption\":\"Sophie Righetti\"},\"logo\":{\"@id\":\"https:\\\/\\\/amesophro.com\\\/wp-content\\\/uploads\\\/2022\\\/11\\\/10.png\"},\"sameAs\":[\"https:\\\/\\\/www.instagram.com\\\/leslowstudio\\\/?next=oauthauthorizeresponse_typecodeclient_id3636846253273131redirect_urihttpspublic-api.wordpress.comconnectstateeyJtYWdpYyI6ImtleXJpbmciLCJhY3Rpb24iOiJ2ZXJpZnkiLCJrcl9ub25jZSI6IjUyY2I0OTkzYmIiLCJub25jZSI6IjhiNTMxOGUyNGQiLCJzZXJ2aWNlIjoiaW5zdGFncmFtLWJhc2ljLWRpc3BsYXkiLCJzdGF0ZSI6NjU4NzEwNzgsImhhc2giOiIwMjJjNjQyYTUxYjUwZDVkZGIwNGY1YTQyZjAwYzM5OTZhYjc1ZjY4N2ExNmJkMzgzMjNhNWM4M2E2YzczYThhIn0scopeinstagram_business_basiclogger_id0b404ff3-58ff-4f47-a00a-0d48537b5794\"]}]}<\/script>\n<!-- \/ Yoast SEO plugin. -->","yoast_head_json":{"title":"ATELIERS - Sophie RIGHETTI","robots":{"index":"index","follow":"follow","max-snippet":"max-snippet:-1","max-image-preview":"max-image-preview:large","max-video-preview":"max-video-preview:-1"},"canonical":"https:\/\/amesophro.com\/index.php\/ateliers\/","og_locale":"fr_FR","og_type":"article","og_title":"ATELIERS - Sophie RIGHETTI","og_description":"Je vous propose des ateliers sur des th\u00e9matiques vari\u00e9es: Atelier SOPHRO-CACAO En collaboration avec La Glacerie Castignoli Lors de cet atelier, vous partirez \u00e0 la d\u00e9couverte du cacao \u00e0 travers tous vos sens. Dans une premi\u00e8re partie, vous d\u00e9couvrirez l&rsquo;histoire du cacao au travers des si\u00e8cles, puis les diff\u00e9rentes \u00e9tapes de fabrication et de transformation, &hellip;","og_url":"https:\/\/amesophro.com\/index.php\/ateliers\/","og_site_name":"Sophie RIGHETTI","article_modified_time":"2025-07-08T14:44:57+00:00","og_image":[{"width":424,"height":283,"url":"https:\/\/amesophro.com\/wp-content\/uploads\/2023\/10\/1683542237330.jpg","type":"image\/jpeg"}],"twitter_card":"summary_large_image","twitter_misc":{"Dur\u00e9e de lecture estim\u00e9e":"1 minute"},"schema":{"@context":"https:\/\/schema.org","@graph":[{"@type":"WebPage","@id":"https:\/\/amesophro.com\/index.php\/ateliers\/","url":"https:\/\/amesophro.com\/index.php\/ateliers\/","name":"ATELIERS - Sophie RIGHETTI","isPartOf":{"@id":"https:\/\/amesophro.com\/#website"},"primaryImageOfPage":{"@id":"https:\/\/amesophro.com\/index.php\/ateliers\/#primaryimage"},"image":{"@id":"https:\/\/amesophro.com\/index.php\/ateliers\/#primaryimage"},"thumbnailUrl":"https:\/\/amesophro.com\/wp-content\/uploads\/2023\/10\/1683542237330.jpg","datePublished":"2023-10-18T10:55:26+00:00","dateModified":"2025-07-08T14:44:57+00:00","breadcrumb":{"@id":"https:\/\/amesophro.com\/index.php\/ateliers\/#breadcrumb"},"inLanguage":"fr-FR","potentialAction":[{"@type":"ReadAction","target":["https:\/\/amesophro.com\/index.php\/ateliers\/"]}]},{"@type":"ImageObject","inLanguage":"fr-FR","@id":"https:\/\/amesophro.com\/index.php\/ateliers\/#primaryimage","url":"https:\/\/amesophro.com\/wp-content\/uploads\/2023\/10\/1683542237330.jpg","contentUrl":"https:\/\/amesophro.com\/wp-content\/uploads\/2023\/10\/1683542237330.jpg","width":424,"height":283,"caption":"Chocolat, feves et cabosses. Vanille en gousse"},{"@type":"BreadcrumbList","@id":"https:\/\/amesophro.com\/index.php\/ateliers\/#breadcrumb","itemListElement":[{"@type":"ListItem","position":1,"name":"Accueil","item":"https:\/\/amesophro.com\/"},{"@type":"ListItem","position":2,"name":"ATELIERS"}]},{"@type":"WebSite","@id":"https:\/\/amesophro.com\/#website","url":"https:\/\/amesophro.com\/","name":"Sophie RIGHETTI","description":"Florith\u00e9rapie &amp; Hom\u00e9opathie","publisher":{"@id":"https:\/\/amesophro.com\/#\/schema\/person\/5582b2a0e8cc8ecbbec1c08c6b998a36"},"potentialAction":[{"@type":"SearchAction","target":{"@type":"EntryPoint","urlTemplate":"https:\/\/amesophro.com\/?s={search_term_string}"},"query-input":{"@type":"PropertyValueSpecification","valueRequired":true,"valueName":"search_term_string"}}],"inLanguage":"fr-FR"},{"@type":["Person","Organization"],"@id":"https:\/\/amesophro.com\/#\/schema\/person\/5582b2a0e8cc8ecbbec1c08c6b998a36","name":"Sophie Righetti","image":{"@type":"ImageObject","inLanguage":"fr-FR","@id":"https:\/\/amesophro.com\/wp-content\/uploads\/2022\/11\/10.png","url":"https:\/\/amesophro.com\/wp-content\/uploads\/2022\/11\/10.png","contentUrl":"https:\/\/amesophro.com\/wp-content\/uploads\/2022\/11\/10.png","width":2160,"height":2160,"caption":"Sophie Righetti"},"logo":{"@id":"https:\/\/amesophro.com\/wp-content\/uploads\/2022\/11\/10.png"},"sameAs":["https:\/\/www.instagram.com\/leslowstudio\/?next=oauthauthorizeresponse_typecodeclient_id3636846253273131redirect_urihttpspublic-api.wordpress.comconnectstateeyJtYWdpYyI6ImtleXJpbmciLCJhY3Rpb24iOiJ2ZXJpZnkiLCJrcl9ub25jZSI6IjUyY2I0OTkzYmIiLCJub25jZSI6IjhiNTMxOGUyNGQiLCJzZXJ2aWNlIjoiaW5zdGFncmFtLWJhc2ljLWRpc3BsYXkiLCJzdGF0ZSI6NjU4NzEwNzgsImhhc2giOiIwMjJjNjQyYTUxYjUwZDVkZGIwNGY1YTQyZjAwYzM5OTZhYjc1ZjY4N2ExNmJkMzgzMjNhNWM4M2E2YzczYThhIn0scopeinstagram_business_basiclogger_id0b404ff3-58ff-4f47-a00a-0d48537b5794"]}]}},"jetpack_sharing_enabled":true,"_links":{"self":[{"href":"https:\/\/amesophro.com\/index.php\/wp-json\/wp\/v2\/pages\/1457","targetHints":{"allow":["GET"]}}],"collection":[{"href":"https:\/\/amesophro.com\/index.php\/wp-json\/wp\/v2\/pages"}],"about":[{"href":"https:\/\/amesophro.com\/index.php\/wp-json\/wp\/v2\/types\/page"}],"author":[{"embeddable":true,"href":"https:\/\/amesophro.com\/index.php\/wp-json\/wp\/v2\/users\/1"}],"replies":[{"embeddable":true,"href":"https:\/\/amesophro.com\/index.php\/wp-json\/wp\/v2\/comments?post=1457"}],"version-history":[{"count":10,"href":"https:\/\/amesophro.com\/index.php\/wp-json\/wp\/v2\/pages\/1457\/revisions"}],"predecessor-version":[{"id":2633,"href":"https:\/\/amesophro.com\/index.php\/wp-json\/wp\/v2\/pages\/1457\/revisions\/2633"}],"wp:attachment":[{"href":"https:\/\/amesophro.com\/index.php\/wp-json\/wp\/v2\/media?parent=1457"}],"curies":[{"name":"wp","href":"https:\/\/api.w.org\/{rel}","templated":true}]}}