{"id":1642,"date":"2024-02-23T21:07:57","date_gmt":"2024-02-23T20:07:57","guid":{"rendered":"https:\/\/amesophro.com\/?page_id=1642"},"modified":"2026-03-18T17:46:20","modified_gmt":"2026-03-18T16:46:20","slug":"le-cabinet","status":"publish","type":"page","link":"https:\/\/amesophro.com\/index.php\/le-cabinet\/","title":{"rendered":"MON APPROCHE"},"content":{"rendered":"\n<p class=\"has-text-align-center has-medium-font-size\">Au fil de l&rsquo;accompagnement, vous allez retrouver :<br><br>&#8211; une sensation de s\u00e9curit\u00e9 int\u00e9rieure<br>&#8211; une meilleure compr\u00e9hension de vous-m\u00eame<br>&#8211; un rapport plus serein \u00e0 vos \u00e9motions<br>&#8211; une apaisement profond et durable<br>&#8211; plus de clart\u00e9 dans vos choix et votre chemin<\/p>\n\n\n\n<pre class=\"wp-block-verse has-text-align-center\">Moins de lutte. Plus de pr\u00e9sence<\/pre>\n\n\n\n<p><\/p>\n\n\n\n<p class=\"has-medium-font-size\">Cet accompagnement s&rsquo;adresse \u00e0 celles et ceux qui :<\/p>\n\n\n\n<ul class=\"wp-block-list\">\n<li class=\"has-medium-font-size\">ressentent intens\u00e9ment et se sentent souvent \u00ab\u00a0trop\u00a0\u00bb<\/li>\n\n\n\n<li class=\"has-medium-font-size\">traversent une p\u00e9riode de transition<\/li>\n\n\n\n<li class=\"has-medium-font-size\">vivent du stress, de l&rsquo;anxi\u00e9t\u00e9 ou une surcharge \u00e9motionnelle<\/li>\n\n\n\n<li class=\"has-medium-font-size\">ressentent le besoin de lever le pied<\/li>\n\n\n\n<li class=\"has-medium-font-size\">souhaitent un accompagnement naturel, doux et respectueux<\/li>\n\n\n\n<li class=\"has-medium-font-size\">ont d\u00e9j\u00e0 essay\u00e9 d&rsquo;autres approches sans trouver un apaisement profond<\/li>\n<\/ul>\n\n\n\n<h2 class=\"wp-block-heading has-large-font-size\">Une pr\u00e9sence, avant tout<\/h2>\n\n\n\n<p class=\"has-text-align-center has-medium-font-size\">Au-del\u00e0 des outils, je vous offre un espace. Un espace ou vous pouvez ralentir, d\u00e9poser, comprendre. Un espace pour vous reconnecter \u00e0 ce qui est JUSTE pour vous. <\/p>\n\n\n\n<p class=\"has-medium-font-size\">Ici, il ne s&rsquo;agit pas de faire plus. Il s&rsquo;agit de faire autrement. Ralentir. Ecouter. Laisser \u00e9merger ce qui a besoin de l&rsquo;\u00eatre. <\/p>\n\n\n\n<p class=\"has-medium-font-size\">Je vous accueille \u00e0 Briey (54), dans un espace chaleureux et paisible, ou` vous pouvez simplement \u00eatre, sans pression, sans attente. <\/p>\n\n\n\n<p class=\"has-medium-font-size\">Vous avez le choix entre deux types d&rsquo;accompagnement :<\/p>\n\n\n\n<ul class=\"wp-block-list\">\n<li class=\"has-medium-font-size\"><strong>L&rsquo;accompagnement ONE SHOT :<\/strong> Une seule s\u00e9ance combinant Hom\u00e9opathie &amp; Th\u00e9rapie Florale. Id\u00e9ale lorsque vous traversez un passage de vie d\u00e9licat. Cette s\u00e9ance va venir \u00e9claircir, lib\u00e9rer, \u00e9quilibrer votre \u00e9tat d&rsquo;\u00eatre, vous permettant de vivre ce moment avec clart\u00e9 et discernement.<\/li>\n<\/ul>\n\n\n\n<p><\/p>\n\n\n\n<ul class=\"wp-block-list\">\n<li class=\"has-medium-font-size\"><strong>L&rsquo;accompagnement MOTIO :<\/strong> 4 \u00e0 5 s\u00e9ances, combinant tous mes outils. Cet accompagnement plus complet permet de remettre du mouvement int\u00e9rieur, de r\u00e9\u00e9quilibrer les \u00e9motions et se d\u00e9faire d&rsquo;une probl\u00e9matique scl\u00e9rosante. <\/li>\n<\/ul>\n\n\n\n<p><\/p>\n\n\n\n<div class=\"wp-block-cover alignfull is-light\" style=\"min-height:100vh;aspect-ratio:unset;\"><span aria-hidden=\"true\" class=\"wp-block-cover__background has-background-dim-100 has-background-dim\" style=\"background-color:#ffffff\"><\/span><div class=\"wp-block-cover__inner-container is-layout-flow wp-block-cover-is-layout-flow\">\n<div class=\"wp-block-group alignfull has-text-color has-background\" style=\"color:#000000;background-color:#ffffff\"><div class=\"wp-block-group__inner-container is-layout-flow wp-block-group-is-layout-flow\">\n<div style=\"height:64px\" aria-hidden=\"true\" class=\"wp-block-spacer\"><\/div>\n\n\n\n<h2 class=\"wp-block-heading has-text-align-center\" id=\"schedule-a-visit\" style=\"font-size:59px;line-height:1.15\">Et si c&rsquo;\u00e9tait le moment de vous choisir?<\/h2>\n\n\n\n<div class=\"wp-block-buttons is-horizontal is-content-justification-center is-layout-flex wp-container-core-buttons-is-layout-499968f5 wp-block-buttons-is-layout-flex\">\n<div class=\"wp-block-button has-custom-width wp-block-button__width-50\"><a class=\"wp-block-button__link has-text-color has-background wp-element-button\" href=\"https:\/\/perfactive.fr\/sophie-righetti\/sophie-righetti\/book\" style=\"border-radius:50px;color:#ffffff;background-color:#000000\">Prendre rendez-vous<\/a><\/div>\n<\/div>\n\n\n\n<div style=\"height:64px\" aria-hidden=\"true\" class=\"wp-block-spacer\"><\/div>\n<\/div><\/div>\n<\/div><\/div>\n\n\n\n<div class=\"wp-block-group alignfull is-style-section-3 is-content-justification-center\" style=\"margin-top:0;margin-bottom:0;padding-top:var(--wp--preset--spacing--50);padding-bottom:var(--wp--preset--spacing--50)\"><div class=\"wp-block-group__inner-container is-layout-constrained wp-block-group-is-layout-constrained\">\n<div class=\"wp-block-group alignwide\"><div class=\"wp-block-group__inner-container is-layout-constrained wp-block-group-is-layout-constrained\">\n<h2 class=\"wp-block-heading alignfull has-text-align-left\">Parce que vous en parlez mieux que moi&#8230;.<\/h2>\n<\/div><\/div>\n\n\n\n<div class=\"wp-block-group alignwide\"><div class=\"wp-block-group__inner-container is-layout-flow wp-block-group-is-layout-flow\">\n<div class=\"wp-block-group\"><div class=\"wp-block-group__inner-container is-layout-flow wp-block-group-is-layout-flow\">\n<div style=\"height:var(--wp--preset--spacing--20)\" aria-hidden=\"true\" class=\"wp-block-spacer\"><\/div>\n\n\n\n<div class=\"wp-block-columns alignwide is-layout-flex wp-container-core-columns-is-layout-1a7dd963 wp-block-columns-is-layout-flex\">\n<div class=\"wp-block-column is-layout-flow wp-block-column-is-layout-flow\">\n<h3 class=\"wp-block-heading is-service-name\">Sophrologie<\/h3>\n\n\n\n<p class=\"is-service-description\">J&rsquo;ai sollicit\u00e9 Sophie pour ma fille de 5 ans, elle a \u00e9t\u00e9 d&rsquo;une \u00e9coute et d&rsquo;une douceur incroyable, les techniques mises en place ont beaucoup plu \u00e0 ma fille, il nous a fallu seulement 3 s\u00e9ances de sophrologie pour aider ma faille \u00e0 s&rsquo;apaiser alors merci<\/p>\n\n\n\n<div class=\"wp-block-group is-vertical is-nowrap is-layout-flex wp-container-core-group-is-layout-e6ab97de wp-block-group-is-layout-flex\">\n<p class=\"is-service-name\"><em>\u2014 <\/em>Myl\u00e8ne N.<\/p>\n<\/div>\n<\/div>\n\n\n\n<div class=\"wp-block-column is-layout-flow wp-block-column-is-layout-flow\">\n<h3 class=\"wp-block-heading is-service-name\">Florith\u00e9rapie<\/h3>\n\n\n\n<p class=\"is-service-description\">Je remercie Sophie pour sa gentillesse, son \u00e9coute et son professionnalisme. Merci de m&rsquo;avoir \u00e9cout\u00e9e et de m&rsquo;accompagner avec les fleurs de Bach. A tr\u00e8s vite.<\/p>\n\n\n\n<p class=\"is-service-link\"><em>\u2014 <\/em>Margaux B.<\/p>\n<\/div>\n\n\n\n<div class=\"wp-block-column is-layout-flow wp-block-column-is-layout-flow\">\n<h3 class=\"wp-block-heading is-service-name\">Yoga Restauratif<\/h3>\n\n\n\n<p class=\"is-service-description\">Un moment de d\u00e9tente, de bien-\u00eatre accompagn\u00e9e d&rsquo;une professionnelle tr\u00e8s \u00e0 l&rsquo;\u00e9coute. Une exp\u00e9rience \u00e0 r\u00e9aliser tant sur le plan moral que physique.<\/p>\n\n\n\n<p class=\"is-service-link\"><em>\u2014 <\/em>Christelle J.<\/p>\n<\/div>\n<\/div>\n<\/div><\/div>\n<\/div><\/div>\n<\/div><\/div>\n\n\n\n<p class=\"has-text-align-center has-large-font-size\">Si vous h\u00e9sitez avant de prendre rendez-vous, que vous souhaitez \u00e9changer pour faire le point sur ce que vous traversez:<\/p>\n\n\n<div class=\"wp-block-jetpack-contact-form is-layout-flex wp-container-jetpack-contact-form-is-layout-026b38f8 wp-block-jetpack-contact-form-is-layout-flex\"><a href=\"https:\/\/amesophro.com\/index.php\/le-cabinet\/\" target=\"_blank\" rel=\"noopener noreferrer\">Soumettre un formulaire.<\/a><\/div>\n\n\n<p><\/p>\n","protected":false},"excerpt":{"rendered":"<p>Au fil de l&rsquo;accompagnement, vous allez retrouver : &#8211; une sensation de s\u00e9curit\u00e9 int\u00e9rieure&#8211; une meilleure compr\u00e9hension de vous-m\u00eame&#8211; un rapport plus serein \u00e0 vos \u00e9motions&#8211; une apaisement profond et durable&#8211; plus de clart\u00e9 dans vos choix et votre chemin Moins de lutte. Plus de pr\u00e9sence Cet accompagnement s&rsquo;adresse \u00e0 celles et ceux qui : &hellip; <\/p>\n","protected":false},"author":1,"featured_media":0,"parent":0,"menu_order":0,"comment_status":"closed","ping_status":"closed","template":"","meta":{"footnotes":""},"class_list":["post-1642","page","type-page","status-publish","hentry"],"yoast_head":"<!-- This site is optimized with the Yoast SEO plugin v27.4 - https:\/\/yoast.com\/product\/yoast-seo-wordpress\/ -->\n<title>Gestion du stress \u00e0 Briey - Hom\u00e9opathie, fleurs de Bach et yoga<\/title>\n<meta name=\"description\" content=\"Retrouvez apaisement et clart\u00e9 d&#039;esprit gr\u00e2ce \u00e0 une approche douce alliant hom\u00e9opathie, fleurs de Bach et yoga restauratif \u00e0 Briey.\" \/>\n<meta name=\"robots\" content=\"index, follow, max-snippet:-1, max-image-preview:large, max-video-preview:-1\" \/>\n<link rel=\"canonical\" href=\"https:\/\/amesophro.com\/index.php\/le-cabinet\/\" \/>\n<meta property=\"og:locale\" content=\"fr_FR\" \/>\n<meta property=\"og:type\" content=\"article\" \/>\n<meta property=\"og:title\" content=\"Gestion du stress \u00e0 Briey - Hom\u00e9opathie, fleurs de Bach et yoga\" \/>\n<meta property=\"og:description\" content=\"Retrouvez apaisement et clart\u00e9 d&#039;esprit gr\u00e2ce \u00e0 une approche douce alliant hom\u00e9opathie, fleurs de Bach et yoga restauratif \u00e0 Briey.\" \/>\n<meta property=\"og:url\" content=\"https:\/\/amesophro.com\/index.php\/le-cabinet\/\" \/>\n<meta property=\"og:site_name\" content=\"Sophie RIGHETTI\" \/>\n<meta property=\"article:modified_time\" content=\"2026-03-18T16:46:20+00:00\" \/>\n<meta name=\"twitter:card\" content=\"summary_large_image\" \/>\n<meta name=\"twitter:label1\" content=\"Dur\u00e9e de lecture estim\u00e9e\" \/>\n\t<meta name=\"twitter:data1\" content=\"2 minutes\" \/>\n<script type=\"application\/ld+json\" class=\"yoast-schema-graph\">{\"@context\":\"https:\\\/\\\/schema.org\",\"@graph\":[{\"@type\":\"WebPage\",\"@id\":\"https:\\\/\\\/amesophro.com\\\/index.php\\\/le-cabinet\\\/\",\"url\":\"https:\\\/\\\/amesophro.com\\\/index.php\\\/le-cabinet\\\/\",\"name\":\"Gestion du stress \u00e0 Briey - Hom\u00e9opathie, fleurs de Bach et yoga\",\"isPartOf\":{\"@id\":\"https:\\\/\\\/amesophro.com\\\/#website\"},\"datePublished\":\"2024-02-23T20:07:57+00:00\",\"dateModified\":\"2026-03-18T16:46:20+00:00\",\"description\":\"Retrouvez apaisement et clart\u00e9 d'esprit gr\u00e2ce \u00e0 une approche douce alliant hom\u00e9opathie, fleurs de Bach et yoga restauratif \u00e0 Briey.\",\"breadcrumb\":{\"@id\":\"https:\\\/\\\/amesophro.com\\\/index.php\\\/le-cabinet\\\/#breadcrumb\"},\"inLanguage\":\"fr-FR\",\"potentialAction\":[{\"@type\":\"ReadAction\",\"target\":[\"https:\\\/\\\/amesophro.com\\\/index.php\\\/le-cabinet\\\/\"]}]},{\"@type\":\"BreadcrumbList\",\"@id\":\"https:\\\/\\\/amesophro.com\\\/index.php\\\/le-cabinet\\\/#breadcrumb\",\"itemListElement\":[{\"@type\":\"ListItem\",\"position\":1,\"name\":\"Accueil\",\"item\":\"https:\\\/\\\/amesophro.com\\\/\"},{\"@type\":\"ListItem\",\"position\":2,\"name\":\"MON APPROCHE\"}]},{\"@type\":\"WebSite\",\"@id\":\"https:\\\/\\\/amesophro.com\\\/#website\",\"url\":\"https:\\\/\\\/amesophro.com\\\/\",\"name\":\"Sophie RIGHETTI\",\"description\":\"Florith\u00e9rapie &amp; Hom\u00e9opathie\",\"publisher\":{\"@id\":\"https:\\\/\\\/amesophro.com\\\/#\\\/schema\\\/person\\\/5582b2a0e8cc8ecbbec1c08c6b998a36\"},\"potentialAction\":[{\"@type\":\"SearchAction\",\"target\":{\"@type\":\"EntryPoint\",\"urlTemplate\":\"https:\\\/\\\/amesophro.com\\\/?s={search_term_string}\"},\"query-input\":{\"@type\":\"PropertyValueSpecification\",\"valueRequired\":true,\"valueName\":\"search_term_string\"}}],\"inLanguage\":\"fr-FR\"},{\"@type\":[\"Person\",\"Organization\"],\"@id\":\"https:\\\/\\\/amesophro.com\\\/#\\\/schema\\\/person\\\/5582b2a0e8cc8ecbbec1c08c6b998a36\",\"name\":\"Sophie Righetti\",\"image\":{\"@type\":\"ImageObject\",\"inLanguage\":\"fr-FR\",\"@id\":\"https:\\\/\\\/amesophro.com\\\/wp-content\\\/uploads\\\/2022\\\/11\\\/10.png\",\"url\":\"https:\\\/\\\/amesophro.com\\\/wp-content\\\/uploads\\\/2022\\\/11\\\/10.png\",\"contentUrl\":\"https:\\\/\\\/amesophro.com\\\/wp-content\\\/uploads\\\/2022\\\/11\\\/10.png\",\"width\":2160,\"height\":2160,\"caption\":\"Sophie Righetti\"},\"logo\":{\"@id\":\"https:\\\/\\\/amesophro.com\\\/wp-content\\\/uploads\\\/2022\\\/11\\\/10.png\"},\"sameAs\":[\"https:\\\/\\\/www.instagram.com\\\/leslowstudio\\\/?next=oauthauthorizeresponse_typecodeclient_id3636846253273131redirect_urihttpspublic-api.wordpress.comconnectstateeyJtYWdpYyI6ImtleXJpbmciLCJhY3Rpb24iOiJ2ZXJpZnkiLCJrcl9ub25jZSI6IjUyY2I0OTkzYmIiLCJub25jZSI6IjhiNTMxOGUyNGQiLCJzZXJ2aWNlIjoiaW5zdGFncmFtLWJhc2ljLWRpc3BsYXkiLCJzdGF0ZSI6NjU4NzEwNzgsImhhc2giOiIwMjJjNjQyYTUxYjUwZDVkZGIwNGY1YTQyZjAwYzM5OTZhYjc1ZjY4N2ExNmJkMzgzMjNhNWM4M2E2YzczYThhIn0scopeinstagram_business_basiclogger_id0b404ff3-58ff-4f47-a00a-0d48537b5794\"]}]}<\/script>\n<!-- \/ Yoast SEO plugin. -->","yoast_head_json":{"title":"Gestion du stress \u00e0 Briey - Hom\u00e9opathie, fleurs de Bach et yoga","description":"Retrouvez apaisement et clart\u00e9 d'esprit gr\u00e2ce \u00e0 une approche douce alliant hom\u00e9opathie, fleurs de Bach et yoga restauratif \u00e0 Briey.","robots":{"index":"index","follow":"follow","max-snippet":"max-snippet:-1","max-image-preview":"max-image-preview:large","max-video-preview":"max-video-preview:-1"},"canonical":"https:\/\/amesophro.com\/index.php\/le-cabinet\/","og_locale":"fr_FR","og_type":"article","og_title":"Gestion du stress \u00e0 Briey - Hom\u00e9opathie, fleurs de Bach et yoga","og_description":"Retrouvez apaisement et clart\u00e9 d'esprit gr\u00e2ce \u00e0 une approche douce alliant hom\u00e9opathie, fleurs de Bach et yoga restauratif \u00e0 Briey.","og_url":"https:\/\/amesophro.com\/index.php\/le-cabinet\/","og_site_name":"Sophie RIGHETTI","article_modified_time":"2026-03-18T16:46:20+00:00","twitter_card":"summary_large_image","twitter_misc":{"Dur\u00e9e de lecture estim\u00e9e":"2 minutes"},"schema":{"@context":"https:\/\/schema.org","@graph":[{"@type":"WebPage","@id":"https:\/\/amesophro.com\/index.php\/le-cabinet\/","url":"https:\/\/amesophro.com\/index.php\/le-cabinet\/","name":"Gestion du stress \u00e0 Briey - Hom\u00e9opathie, fleurs de Bach et yoga","isPartOf":{"@id":"https:\/\/amesophro.com\/#website"},"datePublished":"2024-02-23T20:07:57+00:00","dateModified":"2026-03-18T16:46:20+00:00","description":"Retrouvez apaisement et clart\u00e9 d'esprit gr\u00e2ce \u00e0 une approche douce alliant hom\u00e9opathie, fleurs de Bach et yoga restauratif \u00e0 Briey.","breadcrumb":{"@id":"https:\/\/amesophro.com\/index.php\/le-cabinet\/#breadcrumb"},"inLanguage":"fr-FR","potentialAction":[{"@type":"ReadAction","target":["https:\/\/amesophro.com\/index.php\/le-cabinet\/"]}]},{"@type":"BreadcrumbList","@id":"https:\/\/amesophro.com\/index.php\/le-cabinet\/#breadcrumb","itemListElement":[{"@type":"ListItem","position":1,"name":"Accueil","item":"https:\/\/amesophro.com\/"},{"@type":"ListItem","position":2,"name":"MON APPROCHE"}]},{"@type":"WebSite","@id":"https:\/\/amesophro.com\/#website","url":"https:\/\/amesophro.com\/","name":"Sophie RIGHETTI","description":"Florith\u00e9rapie &amp; Hom\u00e9opathie","publisher":{"@id":"https:\/\/amesophro.com\/#\/schema\/person\/5582b2a0e8cc8ecbbec1c08c6b998a36"},"potentialAction":[{"@type":"SearchAction","target":{"@type":"EntryPoint","urlTemplate":"https:\/\/amesophro.com\/?s={search_term_string}"},"query-input":{"@type":"PropertyValueSpecification","valueRequired":true,"valueName":"search_term_string"}}],"inLanguage":"fr-FR"},{"@type":["Person","Organization"],"@id":"https:\/\/amesophro.com\/#\/schema\/person\/5582b2a0e8cc8ecbbec1c08c6b998a36","name":"Sophie Righetti","image":{"@type":"ImageObject","inLanguage":"fr-FR","@id":"https:\/\/amesophro.com\/wp-content\/uploads\/2022\/11\/10.png","url":"https:\/\/amesophro.com\/wp-content\/uploads\/2022\/11\/10.png","contentUrl":"https:\/\/amesophro.com\/wp-content\/uploads\/2022\/11\/10.png","width":2160,"height":2160,"caption":"Sophie Righetti"},"logo":{"@id":"https:\/\/amesophro.com\/wp-content\/uploads\/2022\/11\/10.png"},"sameAs":["https:\/\/www.instagram.com\/leslowstudio\/?next=oauthauthorizeresponse_typecodeclient_id3636846253273131redirect_urihttpspublic-api.wordpress.comconnectstateeyJtYWdpYyI6ImtleXJpbmciLCJhY3Rpb24iOiJ2ZXJpZnkiLCJrcl9ub25jZSI6IjUyY2I0OTkzYmIiLCJub25jZSI6IjhiNTMxOGUyNGQiLCJzZXJ2aWNlIjoiaW5zdGFncmFtLWJhc2ljLWRpc3BsYXkiLCJzdGF0ZSI6NjU4NzEwNzgsImhhc2giOiIwMjJjNjQyYTUxYjUwZDVkZGIwNGY1YTQyZjAwYzM5OTZhYjc1ZjY4N2ExNmJkMzgzMjNhNWM4M2E2YzczYThhIn0scopeinstagram_business_basiclogger_id0b404ff3-58ff-4f47-a00a-0d48537b5794"]}]}},"jetpack_sharing_enabled":true,"_links":{"self":[{"href":"https:\/\/amesophro.com\/index.php\/wp-json\/wp\/v2\/pages\/1642","targetHints":{"allow":["GET"]}}],"collection":[{"href":"https:\/\/amesophro.com\/index.php\/wp-json\/wp\/v2\/pages"}],"about":[{"href":"https:\/\/amesophro.com\/index.php\/wp-json\/wp\/v2\/types\/page"}],"author":[{"embeddable":true,"href":"https:\/\/amesophro.com\/index.php\/wp-json\/wp\/v2\/users\/1"}],"replies":[{"embeddable":true,"href":"https:\/\/amesophro.com\/index.php\/wp-json\/wp\/v2\/comments?post=1642"}],"version-history":[{"count":60,"href":"https:\/\/amesophro.com\/index.php\/wp-json\/wp\/v2\/pages\/1642\/revisions"}],"predecessor-version":[{"id":3363,"href":"https:\/\/amesophro.com\/index.php\/wp-json\/wp\/v2\/pages\/1642\/revisions\/3363"}],"wp:attachment":[{"href":"https:\/\/amesophro.com\/index.php\/wp-json\/wp\/v2\/media?parent=1642"}],"curies":[{"name":"wp","href":"https:\/\/api.w.org\/{rel}","templated":true}]}}