{"id":1656,"date":"2024-02-23T21:32:36","date_gmt":"2024-02-23T20:32:36","guid":{"rendered":"https:\/\/amesophro.com\/?page_id=1656"},"modified":"2026-02-01T10:30:54","modified_gmt":"2026-02-01T09:30:54","slug":"le-slow-studio","status":"publish","type":"page","link":"https:\/\/amesophro.com\/index.php\/le-slow-studio\/","title":{"rendered":"LES S\u00c9ANCES EN GROUPE"},"content":{"rendered":"\n<pre class=\"wp-block-verse has-text-align-center\"><br>Ces pratiques sont accessibles \u00e0 tous, quelque soit sa condition physique. Elles sont propos\u00e9es en petits groupes, pour conserver l'atmosph\u00e8re intimiste.<br><br><\/pre>\n\n\n\n<h3 class=\"wp-block-heading\"><\/h3>\n\n\n\n<div class=\"wp-block-media-text alignwide is-stacked-on-mobile is-vertically-aligned-center is-image-fill-element\" style=\"grid-template-columns:56% auto\"><figure class=\"wp-block-media-text__media\"><img loading=\"lazy\" decoding=\"async\" width=\"683\" height=\"1024\" src=\"https:\/\/amesophro.com\/wp-content\/uploads\/2024\/02\/pexels-photo-3822647-683x1024.jpeg\" alt=\"woman relaxing in yoga mat\" class=\"wp-image-1682 size-full\" style=\"object-position:50% 50%\" srcset=\"https:\/\/amesophro.com\/wp-content\/uploads\/2024\/02\/pexels-photo-3822647-683x1024.jpeg 683w, https:\/\/amesophro.com\/wp-content\/uploads\/2024\/02\/pexels-photo-3822647-200x300.jpeg 200w, https:\/\/amesophro.com\/wp-content\/uploads\/2024\/02\/pexels-photo-3822647-768x1152.jpeg 768w, https:\/\/amesophro.com\/wp-content\/uploads\/2024\/02\/pexels-photo-3822647-600x900.jpeg 600w, https:\/\/amesophro.com\/wp-content\/uploads\/2024\/02\/pexels-photo-3822647.jpeg 867w\" sizes=\"auto, (max-width: 683px) 100vw, 683px\" \/><\/figure><div class=\"wp-block-media-text__content\">\n<h2 class=\"wp-block-heading has-text-color\" style=\"color:#000000;font-size:32px\">LE SOPHRO-YOGA NIDRA<\/h2>\n\n\n\n<p class=\"has-text-color\" style=\"color:#000000;font-size:17px\">Les s\u00e9ances de Sophro-yoga Nidra sont n\u00e9es de cette envie d&rsquo;allier mes diff\u00e9rentes pratiques <em>en une seule<\/em> pour vous offrir un moment complet ressour\u00e7ant et relaxant.<\/p>\n\n\n\n<p class=\"has-text-color\" style=\"color:#000000;font-size:17px\">Ce sont des moments de <strong>ralentissement<\/strong>, de calme.<\/p>\n\n\n\n<p class=\"has-text-color\" style=\"color:#000000;font-size:17px\">Ce sont des moments de <strong>pr\u00e9sence<\/strong>, d&rsquo;\u00e9coute et d&rsquo;attention envers soi-m\u00eame.<\/p>\n\n\n\n<p class=\"has-text-color\" style=\"color:#000000;font-size:17px\">Ces s\u00e9ances m\u00ealent des <strong>mouvements <\/strong>en conscience et en douceur, des <strong>\u00e9tirements<\/strong> des tissus profonds en respectant ses sensations, et une <strong>relaxation<\/strong> pour infuser le tout.<\/p>\n\n\n\n<p style=\"font-size:17px\"><strong><em>S\u00e9ances en petits groupes de 4, \u00e0 Briey. Deux s\u00e9ances par mois<\/em><\/strong><\/p>\n\n\n\n<div class=\"wp-block-buttons is-layout-flex wp-block-buttons-is-layout-flex\">\n<div class=\"wp-block-button is-style-fill\"><a class=\"wp-block-button__link wp-element-button\" href=\"https:\/\/amesophro.com\/index.php\/sophro-yoga\/\" target=\"_blank\" rel=\"noreferrer noopener\">EN SAVOIR PLUS<\/a><\/div>\n<\/div>\n<\/div><\/div>\n\n\n\n<p class=\"has-text-align-center\"><\/p>\n\n\n\n<div class=\"wp-block-media-text alignwide is-stacked-on-mobile is-vertically-aligned-center is-image-fill-element\" style=\"grid-template-columns:56% auto\"><figure class=\"wp-block-media-text__media\"><img loading=\"lazy\" decoding=\"async\" width=\"566\" height=\"763\" src=\"https:\/\/amesophro.com\/wp-content\/uploads\/2024\/02\/1697526379017.jpg\" alt=\"\" class=\"wp-image-1592 size-full\" style=\"object-position:50% 50%\" srcset=\"https:\/\/amesophro.com\/wp-content\/uploads\/2024\/02\/1697526379017.jpg 566w, https:\/\/amesophro.com\/wp-content\/uploads\/2024\/02\/1697526379017-223x300.jpg 223w\" sizes=\"auto, (max-width: 566px) 100vw, 566px\" \/><\/figure><div class=\"wp-block-media-text__content\">\n<h2 class=\"wp-block-heading has-text-color\" style=\"color:#000000;font-size:32px\">LE YOGA RESTAURATIF<\/h2>\n\n\n\n<p class=\"has-text-color\" style=\"color:#000000;font-size:17px\">Restauratif signifie <em>\u00a0\u00bb qui a la vertus de restaurer\u00a0\u00bb<\/em>.<\/p>\n\n\n\n<p class=\"has-text-color\" style=\"color:#000000;font-size:17px\">Le Yoga Restauratif est une relaxation <strong>consciente active<\/strong> qui vise la <strong>r\u00e9g\u00e9n\u00e9ration<\/strong> du corps et de l&rsquo;esprit. C&rsquo;est une pratique qui consiste \u00e0 adopter diff\u00e9rentes postures, avec de <strong>nombreux supports<\/strong>, pour un confort absolu.<\/p>\n\n\n\n<p class=\"has-text-color\" style=\"color:#000000;font-size:17px\"><em>Accessible \u00e0 tous<\/em>, le yoga restauratif permet d&rsquo;\u00eatre <strong>pleinement conscient<\/strong> et pleinement <strong>pr\u00e9sent<\/strong> \u00e0 Soi.<\/p>\n\n\n\n<p class=\"has-text-color\" style=\"color:#000000;font-size:17px\"><strong><em>S\u00e9ances en petit groupe de 3, \u00e0 Briey. Deux fois par mois.<\/em><\/strong><\/p>\n\n\n\n<div class=\"wp-block-buttons is-layout-flex wp-block-buttons-is-layout-flex\">\n<div class=\"wp-block-button is-style-fill\"><a class=\"wp-block-button__link wp-element-button\" href=\"https:\/\/amesophro.com\/index.php\/yoga-restauratif\/\" target=\"_blank\" rel=\"noreferrer noopener\">EN SAVOIR PLUS<\/a><\/div>\n<\/div>\n<\/div><\/div>\n\n\n\n<p><\/p>\n\n\n\n<div class=\"wp-block-media-text alignwide is-stacked-on-mobile is-vertically-aligned-center is-image-fill-element\" style=\"grid-template-columns:56% auto\"><figure class=\"wp-block-media-text__media\"><img loading=\"lazy\" decoding=\"async\" width=\"768\" height=\"1024\" src=\"https:\/\/amesophro.com\/wp-content\/uploads\/2023\/10\/1697548141873-1-768x1024.jpg\" alt=\"\" class=\"wp-image-1480 size-full\" style=\"object-position:50% 50%\" srcset=\"https:\/\/amesophro.com\/wp-content\/uploads\/2023\/10\/1697548141873-1-768x1024.jpg 768w, https:\/\/amesophro.com\/wp-content\/uploads\/2023\/10\/1697548141873-1-225x300.jpg 225w, https:\/\/amesophro.com\/wp-content\/uploads\/2023\/10\/1697548141873-1-1152x1536.jpg 1152w, https:\/\/amesophro.com\/wp-content\/uploads\/2023\/10\/1697548141873-1-1536x2048.jpg 1536w, https:\/\/amesophro.com\/wp-content\/uploads\/2023\/10\/1697548141873-1-600x800.jpg 600w, https:\/\/amesophro.com\/wp-content\/uploads\/2023\/10\/1697548141873-1-scaled.jpg 1920w\" sizes=\"auto, (max-width: 768px) 100vw, 768px\" \/><\/figure><div class=\"wp-block-media-text__content\">\n<h2 class=\"wp-block-heading has-text-color\" style=\"color:#000000;font-size:32px\">LES ATELIERS<\/h2>\n\n\n\n<p class=\"has-text-color\" style=\"color:#000000;font-size:17px\">Tout au long de l&rsquo;ann\u00e9e, je propose des ateliers sur des th\u00e9matiques diverses : atelier Sophro-cacao, Matin\u00e9e Florale, D\u00e9couverte des Fleurs de Bach&#8230;<\/p>\n\n\n\n<p>Vous pouvez consulter l&rsquo;agenda en ligne ou me suivre sur Instagram pour \u00eatre inform\u00e9 de l&rsquo;actualit\u00e9. <\/p>\n\n\n\n<p>Si vous \u00eates une entreprise int\u00e9ress\u00e9e par une intervention, contactez-moi<\/p>\n\n\n\n<div class=\"wp-block-buttons is-layout-flex wp-block-buttons-is-layout-flex\">\n<div class=\"wp-block-button is-style-fill\"><a class=\"wp-block-button__link wp-element-button\" href=\"https:\/\/amesophro.com\/index.php\/ateliers\/\" target=\"_blank\" rel=\"noreferrer noopener\">EN SAVOIR PLUS<\/a><\/div>\n<\/div>\n<\/div><\/div>\n\n\n\n<p><\/p>\n\n\n\n<div class=\"wp-block-group alignfull is-style-section-3 is-content-justification-center\" style=\"margin-top:0;margin-bottom:0;padding-top:var(--wp--preset--spacing--50);padding-bottom:var(--wp--preset--spacing--50)\"><div class=\"wp-block-group__inner-container is-layout-constrained wp-block-group-is-layout-constrained\">\n<div class=\"wp-block-group alignwide\"><div class=\"wp-block-group__inner-container is-layout-constrained wp-block-group-is-layout-constrained\">\n<h2 class=\"wp-block-heading alignfull has-text-align-left\">Parce que vos avis comptent&#8230;<\/h2>\n<\/div><\/div>\n\n\n\n<div class=\"wp-block-group alignwide\"><div class=\"wp-block-group__inner-container is-layout-flow wp-block-group-is-layout-flow\">\n<div class=\"wp-block-group\"><div class=\"wp-block-group__inner-container is-layout-flow wp-block-group-is-layout-flow\">\n<div style=\"height:var(--wp--preset--spacing--20)\" aria-hidden=\"true\" class=\"wp-block-spacer\"><\/div>\n\n\n\n<div class=\"wp-block-columns alignwide is-layout-flex wp-container-core-columns-is-layout-1a7dd963 wp-block-columns-is-layout-flex\">\n<div class=\"wp-block-column is-layout-flow wp-block-column-is-layout-flow\">\n<h3 class=\"wp-block-heading is-service-name\">6 mois de Sophro-Yoga<\/h3>\n\n\n\n<p class=\"is-service-description\">6 mois de Sophro-Yoga pour moi de fa\u00e7on quasi hebdomadaire. Et quelques s\u00e9ances pour ma fille de 15 ans. Une r\u00e9v\u00e9lation. Ancrage et d\u00e9connexion assur\u00e9e. Sophie est incroyablement douce et \u00e0 l&rsquo;\u00e9coute. 1h pour soi \u00e0 laquelle je ne d\u00e9rogerai pas tellement c&rsquo;est b\u00e9n\u00e9fique pour le corps et l&rsquo;espirt.<\/p>\n\n\n\n<div class=\"wp-block-group is-vertical is-nowrap is-layout-flex wp-container-core-group-is-layout-e6ab97de wp-block-group-is-layout-flex\">\n<p class=\"is-service-name\"><em>\u2014 Marie D.<\/em><\/p>\n<\/div>\n<\/div>\n\n\n\n<div class=\"wp-block-column is-layout-flow wp-block-column-is-layout-flow\">\n<h3 class=\"wp-block-heading is-service-name\">C&rsquo;est un r\u00e9el plaisir !<\/h3>\n\n\n\n<p class=\"is-service-description\">Sophie est totalement align\u00e9e avec la pratique qu&rsquo;elle propose : d&rsquo;une grande \u00e9coute et attention, elle sait mettre \u00e0 l&rsquo;aise lors des s\u00e9ances ce qui permet d&rsquo;atteindre une parfaite d\u00e9tente. C&rsquo;est un r\u00e9el plaisir, alors un grand merci.<\/p>\n\n\n\n<p class=\"is-service-link\"><em>\u2014 Mallorie R.<\/em><\/p>\n<\/div>\n\n\n\n<div class=\"wp-block-column is-layout-flow wp-block-column-is-layout-flow\">\n<h3 class=\"wp-block-heading is-service-name\">Je recommande<\/h3>\n\n\n\n<p class=\"is-service-description\">Sophie est \u00e0 l&rsquo;\u00e9coute, douceur et bienveillance au rendez-vous le tout dans une belle \u00e9nergie. <\/p>\n\n\n\n<p>Je recommande<\/p>\n\n\n\n<p class=\"is-service-link\"><em>\u2014 Juan P.<\/em><\/p>\n<\/div>\n<\/div>\n<\/div><\/div>\n<\/div><\/div>\n<\/div><\/div>\n\n\n\n<p class=\"has-text-align-center has-large-font-size\"><\/p>\n\n\n<div class=\"wp-block-jetpack-contact-form is-layout-flex wp-container-jetpack-contact-form-is-layout-026b38f8 wp-block-jetpack-contact-form-is-layout-flex\"><a href=\"https:\/\/amesophro.com\/index.php\/le-slow-studio\/\" target=\"_blank\" rel=\"noopener noreferrer\">Soumettre un formulaire.<\/a><\/div>","protected":false},"excerpt":{"rendered":"<p>Ces pratiques sont accessibles \u00e0 tous, quelque soit sa condition physique. Elles sont propos\u00e9es en petits groupes, pour conserver l&rsquo;atmosph\u00e8re intimiste. Parce que vos avis comptent&#8230; 6 mois de Sophro-Yoga 6 mois de Sophro-Yoga pour moi de fa\u00e7on quasi hebdomadaire. Et quelques s\u00e9ances pour ma fille de 15 ans. Une r\u00e9v\u00e9lation. Ancrage et d\u00e9connexion assur\u00e9e. &hellip; <\/p>\n","protected":false},"author":1,"featured_media":0,"parent":0,"menu_order":0,"comment_status":"closed","ping_status":"closed","template":"","meta":{"footnotes":""},"class_list":["post-1656","page","type-page","status-publish","hentry"],"yoast_head":"<!-- This site is optimized with the Yoast SEO plugin v27.4 - https:\/\/yoast.com\/product\/yoast-seo-wordpress\/ -->\n<title>LES S\u00c9ANCES EN GROUPE - Sophie RIGHETTI<\/title>\n<meta name=\"robots\" content=\"index, follow, max-snippet:-1, max-image-preview:large, max-video-preview:-1\" \/>\n<link rel=\"canonical\" href=\"https:\/\/amesophro.com\/index.php\/le-slow-studio\/\" \/>\n<meta property=\"og:locale\" content=\"fr_FR\" \/>\n<meta property=\"og:type\" content=\"article\" \/>\n<meta property=\"og:title\" content=\"LES S\u00c9ANCES EN GROUPE - Sophie RIGHETTI\" \/>\n<meta property=\"og:description\" content=\"Ces pratiques sont accessibles \u00e0 tous, quelque soit sa condition physique. Elles sont propos\u00e9es en petits groupes, pour conserver l&#039;atmosph\u00e8re intimiste. Parce que vos avis comptent&#8230; 6 mois de Sophro-Yoga 6 mois de Sophro-Yoga pour moi de fa\u00e7on quasi hebdomadaire. Et quelques s\u00e9ances pour ma fille de 15 ans. Une r\u00e9v\u00e9lation. Ancrage et d\u00e9connexion assur\u00e9e. &hellip;\" \/>\n<meta property=\"og:url\" content=\"https:\/\/amesophro.com\/index.php\/le-slow-studio\/\" \/>\n<meta property=\"og:site_name\" content=\"Sophie RIGHETTI\" \/>\n<meta property=\"article:modified_time\" content=\"2026-02-01T09:30:54+00:00\" \/>\n<meta property=\"og:image\" content=\"https:\/\/amesophro.com\/wp-content\/uploads\/2024\/02\/pexels-photo-3822647.jpeg\" \/>\n\t<meta property=\"og:image:width\" content=\"867\" \/>\n\t<meta property=\"og:image:height\" content=\"1300\" \/>\n\t<meta property=\"og:image:type\" content=\"image\/jpeg\" \/>\n<meta name=\"twitter:card\" content=\"summary_large_image\" \/>\n<meta name=\"twitter:label1\" content=\"Dur\u00e9e de lecture estim\u00e9e\" \/>\n\t<meta name=\"twitter:data1\" content=\"3 minutes\" \/>\n<script type=\"application\/ld+json\" class=\"yoast-schema-graph\">{\"@context\":\"https:\\\/\\\/schema.org\",\"@graph\":[{\"@type\":\"WebPage\",\"@id\":\"https:\\\/\\\/amesophro.com\\\/index.php\\\/le-slow-studio\\\/\",\"url\":\"https:\\\/\\\/amesophro.com\\\/index.php\\\/le-slow-studio\\\/\",\"name\":\"LES S\u00c9ANCES EN GROUPE - Sophie RIGHETTI\",\"isPartOf\":{\"@id\":\"https:\\\/\\\/amesophro.com\\\/#website\"},\"primaryImageOfPage\":{\"@id\":\"https:\\\/\\\/amesophro.com\\\/index.php\\\/le-slow-studio\\\/#primaryimage\"},\"image\":{\"@id\":\"https:\\\/\\\/amesophro.com\\\/index.php\\\/le-slow-studio\\\/#primaryimage\"},\"thumbnailUrl\":\"https:\\\/\\\/amesophro.com\\\/wp-content\\\/uploads\\\/2024\\\/02\\\/pexels-photo-3822647-683x1024.jpeg\",\"datePublished\":\"2024-02-23T20:32:36+00:00\",\"dateModified\":\"2026-02-01T09:30:54+00:00\",\"breadcrumb\":{\"@id\":\"https:\\\/\\\/amesophro.com\\\/index.php\\\/le-slow-studio\\\/#breadcrumb\"},\"inLanguage\":\"fr-FR\",\"potentialAction\":[{\"@type\":\"ReadAction\",\"target\":[\"https:\\\/\\\/amesophro.com\\\/index.php\\\/le-slow-studio\\\/\"]}]},{\"@type\":\"ImageObject\",\"inLanguage\":\"fr-FR\",\"@id\":\"https:\\\/\\\/amesophro.com\\\/index.php\\\/le-slow-studio\\\/#primaryimage\",\"url\":\"https:\\\/\\\/amesophro.com\\\/wp-content\\\/uploads\\\/2024\\\/02\\\/pexels-photo-3822647.jpeg\",\"contentUrl\":\"https:\\\/\\\/amesophro.com\\\/wp-content\\\/uploads\\\/2024\\\/02\\\/pexels-photo-3822647.jpeg\",\"width\":867,\"height\":1300,\"caption\":\"Photo by Elina Fairytale on Pexels.com\"},{\"@type\":\"BreadcrumbList\",\"@id\":\"https:\\\/\\\/amesophro.com\\\/index.php\\\/le-slow-studio\\\/#breadcrumb\",\"itemListElement\":[{\"@type\":\"ListItem\",\"position\":1,\"name\":\"Accueil\",\"item\":\"https:\\\/\\\/amesophro.com\\\/\"},{\"@type\":\"ListItem\",\"position\":2,\"name\":\"LES S\u00c9ANCES EN GROUPE\"}]},{\"@type\":\"WebSite\",\"@id\":\"https:\\\/\\\/amesophro.com\\\/#website\",\"url\":\"https:\\\/\\\/amesophro.com\\\/\",\"name\":\"Sophie RIGHETTI\",\"description\":\"Florith\u00e9rapie &amp; Hom\u00e9opathie\",\"publisher\":{\"@id\":\"https:\\\/\\\/amesophro.com\\\/#\\\/schema\\\/person\\\/5582b2a0e8cc8ecbbec1c08c6b998a36\"},\"potentialAction\":[{\"@type\":\"SearchAction\",\"target\":{\"@type\":\"EntryPoint\",\"urlTemplate\":\"https:\\\/\\\/amesophro.com\\\/?s={search_term_string}\"},\"query-input\":{\"@type\":\"PropertyValueSpecification\",\"valueRequired\":true,\"valueName\":\"search_term_string\"}}],\"inLanguage\":\"fr-FR\"},{\"@type\":[\"Person\",\"Organization\"],\"@id\":\"https:\\\/\\\/amesophro.com\\\/#\\\/schema\\\/person\\\/5582b2a0e8cc8ecbbec1c08c6b998a36\",\"name\":\"Sophie Righetti\",\"image\":{\"@type\":\"ImageObject\",\"inLanguage\":\"fr-FR\",\"@id\":\"https:\\\/\\\/amesophro.com\\\/wp-content\\\/uploads\\\/2022\\\/11\\\/10.png\",\"url\":\"https:\\\/\\\/amesophro.com\\\/wp-content\\\/uploads\\\/2022\\\/11\\\/10.png\",\"contentUrl\":\"https:\\\/\\\/amesophro.com\\\/wp-content\\\/uploads\\\/2022\\\/11\\\/10.png\",\"width\":2160,\"height\":2160,\"caption\":\"Sophie Righetti\"},\"logo\":{\"@id\":\"https:\\\/\\\/amesophro.com\\\/wp-content\\\/uploads\\\/2022\\\/11\\\/10.png\"},\"sameAs\":[\"https:\\\/\\\/www.instagram.com\\\/leslowstudio\\\/?next=oauthauthorizeresponse_typecodeclient_id3636846253273131redirect_urihttpspublic-api.wordpress.comconnectstateeyJtYWdpYyI6ImtleXJpbmciLCJhY3Rpb24iOiJ2ZXJpZnkiLCJrcl9ub25jZSI6IjUyY2I0OTkzYmIiLCJub25jZSI6IjhiNTMxOGUyNGQiLCJzZXJ2aWNlIjoiaW5zdGFncmFtLWJhc2ljLWRpc3BsYXkiLCJzdGF0ZSI6NjU4NzEwNzgsImhhc2giOiIwMjJjNjQyYTUxYjUwZDVkZGIwNGY1YTQyZjAwYzM5OTZhYjc1ZjY4N2ExNmJkMzgzMjNhNWM4M2E2YzczYThhIn0scopeinstagram_business_basiclogger_id0b404ff3-58ff-4f47-a00a-0d48537b5794\"]}]}<\/script>\n<!-- \/ Yoast SEO plugin. -->","yoast_head_json":{"title":"LES S\u00c9ANCES EN GROUPE - Sophie RIGHETTI","robots":{"index":"index","follow":"follow","max-snippet":"max-snippet:-1","max-image-preview":"max-image-preview:large","max-video-preview":"max-video-preview:-1"},"canonical":"https:\/\/amesophro.com\/index.php\/le-slow-studio\/","og_locale":"fr_FR","og_type":"article","og_title":"LES S\u00c9ANCES EN GROUPE - Sophie RIGHETTI","og_description":"Ces pratiques sont accessibles \u00e0 tous, quelque soit sa condition physique. Elles sont propos\u00e9es en petits groupes, pour conserver l'atmosph\u00e8re intimiste. Parce que vos avis comptent&#8230; 6 mois de Sophro-Yoga 6 mois de Sophro-Yoga pour moi de fa\u00e7on quasi hebdomadaire. Et quelques s\u00e9ances pour ma fille de 15 ans. Une r\u00e9v\u00e9lation. Ancrage et d\u00e9connexion assur\u00e9e. &hellip;","og_url":"https:\/\/amesophro.com\/index.php\/le-slow-studio\/","og_site_name":"Sophie RIGHETTI","article_modified_time":"2026-02-01T09:30:54+00:00","og_image":[{"width":867,"height":1300,"url":"https:\/\/amesophro.com\/wp-content\/uploads\/2024\/02\/pexels-photo-3822647.jpeg","type":"image\/jpeg"}],"twitter_card":"summary_large_image","twitter_misc":{"Dur\u00e9e de lecture estim\u00e9e":"3 minutes"},"schema":{"@context":"https:\/\/schema.org","@graph":[{"@type":"WebPage","@id":"https:\/\/amesophro.com\/index.php\/le-slow-studio\/","url":"https:\/\/amesophro.com\/index.php\/le-slow-studio\/","name":"LES S\u00c9ANCES EN GROUPE - Sophie RIGHETTI","isPartOf":{"@id":"https:\/\/amesophro.com\/#website"},"primaryImageOfPage":{"@id":"https:\/\/amesophro.com\/index.php\/le-slow-studio\/#primaryimage"},"image":{"@id":"https:\/\/amesophro.com\/index.php\/le-slow-studio\/#primaryimage"},"thumbnailUrl":"https:\/\/amesophro.com\/wp-content\/uploads\/2024\/02\/pexels-photo-3822647-683x1024.jpeg","datePublished":"2024-02-23T20:32:36+00:00","dateModified":"2026-02-01T09:30:54+00:00","breadcrumb":{"@id":"https:\/\/amesophro.com\/index.php\/le-slow-studio\/#breadcrumb"},"inLanguage":"fr-FR","potentialAction":[{"@type":"ReadAction","target":["https:\/\/amesophro.com\/index.php\/le-slow-studio\/"]}]},{"@type":"ImageObject","inLanguage":"fr-FR","@id":"https:\/\/amesophro.com\/index.php\/le-slow-studio\/#primaryimage","url":"https:\/\/amesophro.com\/wp-content\/uploads\/2024\/02\/pexels-photo-3822647.jpeg","contentUrl":"https:\/\/amesophro.com\/wp-content\/uploads\/2024\/02\/pexels-photo-3822647.jpeg","width":867,"height":1300,"caption":"Photo by Elina Fairytale on Pexels.com"},{"@type":"BreadcrumbList","@id":"https:\/\/amesophro.com\/index.php\/le-slow-studio\/#breadcrumb","itemListElement":[{"@type":"ListItem","position":1,"name":"Accueil","item":"https:\/\/amesophro.com\/"},{"@type":"ListItem","position":2,"name":"LES S\u00c9ANCES EN GROUPE"}]},{"@type":"WebSite","@id":"https:\/\/amesophro.com\/#website","url":"https:\/\/amesophro.com\/","name":"Sophie RIGHETTI","description":"Florith\u00e9rapie &amp; Hom\u00e9opathie","publisher":{"@id":"https:\/\/amesophro.com\/#\/schema\/person\/5582b2a0e8cc8ecbbec1c08c6b998a36"},"potentialAction":[{"@type":"SearchAction","target":{"@type":"EntryPoint","urlTemplate":"https:\/\/amesophro.com\/?s={search_term_string}"},"query-input":{"@type":"PropertyValueSpecification","valueRequired":true,"valueName":"search_term_string"}}],"inLanguage":"fr-FR"},{"@type":["Person","Organization"],"@id":"https:\/\/amesophro.com\/#\/schema\/person\/5582b2a0e8cc8ecbbec1c08c6b998a36","name":"Sophie Righetti","image":{"@type":"ImageObject","inLanguage":"fr-FR","@id":"https:\/\/amesophro.com\/wp-content\/uploads\/2022\/11\/10.png","url":"https:\/\/amesophro.com\/wp-content\/uploads\/2022\/11\/10.png","contentUrl":"https:\/\/amesophro.com\/wp-content\/uploads\/2022\/11\/10.png","width":2160,"height":2160,"caption":"Sophie Righetti"},"logo":{"@id":"https:\/\/amesophro.com\/wp-content\/uploads\/2022\/11\/10.png"},"sameAs":["https:\/\/www.instagram.com\/leslowstudio\/?next=oauthauthorizeresponse_typecodeclient_id3636846253273131redirect_urihttpspublic-api.wordpress.comconnectstateeyJtYWdpYyI6ImtleXJpbmciLCJhY3Rpb24iOiJ2ZXJpZnkiLCJrcl9ub25jZSI6IjUyY2I0OTkzYmIiLCJub25jZSI6IjhiNTMxOGUyNGQiLCJzZXJ2aWNlIjoiaW5zdGFncmFtLWJhc2ljLWRpc3BsYXkiLCJzdGF0ZSI6NjU4NzEwNzgsImhhc2giOiIwMjJjNjQyYTUxYjUwZDVkZGIwNGY1YTQyZjAwYzM5OTZhYjc1ZjY4N2ExNmJkMzgzMjNhNWM4M2E2YzczYThhIn0scopeinstagram_business_basiclogger_id0b404ff3-58ff-4f47-a00a-0d48537b5794"]}]}},"jetpack_sharing_enabled":true,"_links":{"self":[{"href":"https:\/\/amesophro.com\/index.php\/wp-json\/wp\/v2\/pages\/1656","targetHints":{"allow":["GET"]}}],"collection":[{"href":"https:\/\/amesophro.com\/index.php\/wp-json\/wp\/v2\/pages"}],"about":[{"href":"https:\/\/amesophro.com\/index.php\/wp-json\/wp\/v2\/types\/page"}],"author":[{"embeddable":true,"href":"https:\/\/amesophro.com\/index.php\/wp-json\/wp\/v2\/users\/1"}],"replies":[{"embeddable":true,"href":"https:\/\/amesophro.com\/index.php\/wp-json\/wp\/v2\/comments?post=1656"}],"version-history":[{"count":40,"href":"https:\/\/amesophro.com\/index.php\/wp-json\/wp\/v2\/pages\/1656\/revisions"}],"predecessor-version":[{"id":3282,"href":"https:\/\/amesophro.com\/index.php\/wp-json\/wp\/v2\/pages\/1656\/revisions\/3282"}],"wp:attachment":[{"href":"https:\/\/amesophro.com\/index.php\/wp-json\/wp\/v2\/media?parent=1656"}],"curies":[{"name":"wp","href":"https:\/\/api.w.org\/{rel}","templated":true}]}}