{"id":1701,"date":"2024-03-14T10:57:28","date_gmt":"2024-03-14T09:57:28","guid":{"rendered":"https:\/\/amesophro.com\/?page_id=1701"},"modified":"2026-03-18T17:47:54","modified_gmt":"2026-03-18T16:47:54","slug":"yoga-restauratif-a-briey-detente-relaxation-energie-interieure","status":"publish","type":"page","link":"https:\/\/amesophro.com\/index.php\/yoga-restauratif-a-briey-detente-relaxation-energie-interieure\/","title":{"rendered":"YOGA RESTAURATIF"},"content":{"rendered":"\n<h2 class=\"wp-block-heading\">D\u00e9couvrez le yoga restauratif \u00e0 Briey &#8211; D\u00e9tente, relaxation &amp; r\u00e9g\u00e9n\u00e9ration profonde<\/h2>\n\n\n\n<pre class=\"wp-block-verse has-text-align-center\">Vous avez besoin de vous r\u00e9g\u00e9n\u00e9rer en profondeur, corps et esprit ? <br>Vous avez besoin de booster votre syst\u00e8me immunitaire ?<br>Vous sentez que votre syst\u00e8me digestif fonctionne au ralenti ?<br>Vous souffrez r\u00e9guli\u00e8rement de migraines, syndromes pr\u00e9-menstruels ?<br>Vous \u00eates stress\u00e9, fatigu\u00e9, et ressentez le besoin de r\u00e9\u00e9quilibrer votre syst\u00e8me nerveux ?<br><br>Le yoga restauratif est une pratique pour vous, douce et r\u00e9g\u00e9n\u00e9rante, qui apaise le corps et le mental. <br><\/pre>\n\n\n\n<h2 class=\"wp-block-heading\">Comment se d\u00e9roule une s\u00e9ance de Yoga Restauratif ?<\/h2>\n\n\n\n<p>Une s\u00e9ance de yoga restauratif se pratique dans un environnement calme, chaleureux et s\u00e9curisant. <\/p>\n\n\n\n<p>Les postures sont tenues plusieurs minutes, soutenues par des accessoires, permettant une <strong>d\u00e9tente musculaire compl\u00e8te<\/strong> et un <strong>l\u00e2cher-prise profond<\/strong>. L&rsquo;attention est port\u00e9e sur la <strong>respiration<\/strong>, la <strong>pr\u00e9sence \u00e0 soi <\/strong>et la <strong>connexion au moment pr\u00e9sent<\/strong>. On ne cherche pas \u00e0 \u00e9tirer mais \u00e0 <strong>ouvrir<\/strong> le corps et l&rsquo;esprit. <\/p>\n\n\n<div class=\"wp-block-image\">\n<figure class=\"aligncenter size-full is-resized\"><img loading=\"lazy\" decoding=\"async\" width=\"566\" height=\"763\" src=\"https:\/\/amesophro.com\/wp-content\/uploads\/2024\/02\/1697526379017.jpg\" alt=\"\" class=\"wp-image-1592\" style=\"width:192px;height:auto\" srcset=\"https:\/\/amesophro.com\/wp-content\/uploads\/2024\/02\/1697526379017.jpg 566w, https:\/\/amesophro.com\/wp-content\/uploads\/2024\/02\/1697526379017-223x300.jpg 223w\" sizes=\"auto, (max-width: 566px) 100vw, 566px\" \/><\/figure>\n<\/div>\n\n\n<p>Chaque s\u00e9ance est une invitation \u00e0 ralentir, \u00e0 s&rsquo;\u00e9couter et \u00e0 recharger son \u00e9nergie vitale. <\/p>\n\n\n\n<h2 class=\"wp-block-heading\">S\u00e9ance de Yoga Restauratif \u00e0 Briey<\/h2>\n\n\n\n<p>Je propose des <strong>s\u00e9ances individuelles et collectives<\/strong> (3 personnes maxi) de yoga restauratif \u00e0 Briey, adapt\u00e9es \u00e0 vos besoins et \u00e0 votre corps. Chaque pratique est une bulle de calme, un moment pour vous reconnecter \u00e0 votre respiration, \u00e0 votre corps et \u00e0 votre espace int\u00e9rieur. Une s\u00e9ance de Yoga Restauratif dure 75 minutes, avec 3 postures soutenues. Elle est r\u00e9alis\u00e9e dans une pi\u00e8ce d\u00e9di\u00e9e \u00e0 la pratique, chaleureuse, silencieuse et propice \u00e0 la d\u00e9tente profonde.<\/p>\n\n\n\n<p class=\"has-text-align-center has-medium-font-size\"><strong>Important : Tout le mat\u00e9riel est disponible sur place.<\/strong> <strong>Pr\u00e9voir juste une tenue confortable.<\/strong><\/p>\n\n\n\n<p><\/p>\n\n\n<div class=\"wp-block-image\">\n<figure class=\"aligncenter size-full is-resized\"><img loading=\"lazy\" decoding=\"async\" width=\"730\" height=\"442\" src=\"https:\/\/amesophro.com\/wp-content\/uploads\/2024\/03\/Allie-restorative-yoga1.jpg\" alt=\"\" class=\"wp-image-1685\" style=\"width:434px;height:auto\" srcset=\"https:\/\/amesophro.com\/wp-content\/uploads\/2024\/03\/Allie-restorative-yoga1.jpg 730w, https:\/\/amesophro.com\/wp-content\/uploads\/2024\/03\/Allie-restorative-yoga1-300x182.jpg 300w, https:\/\/amesophro.com\/wp-content\/uploads\/2024\/03\/Allie-restorative-yoga1-600x363.jpg 600w\" sizes=\"auto, (max-width: 730px) 100vw, 730px\" \/><\/figure>\n<\/div>\n\n\n<p><\/p>\n\n\n\n<div class=\"wp-block-buttons is-content-justification-center is-layout-flex wp-container-core-buttons-is-layout-16018d1d wp-block-buttons-is-layout-flex\">\n<div class=\"wp-block-button\"><a class=\"wp-block-button__link has-text-align-center wp-element-button\" href=\"https:\/\/perfactive.fr\/sophie-righetti\/sophie-righetti\/book\" target=\"_blank\" rel=\"noreferrer noopener\">R\u00e9server une s\u00e9ance<\/a><\/div>\n<\/div>\n\n\n\n<h2 class=\"wp-block-heading\">Quels sont les bienfaits du Yoga Restauratif ?<\/h2>\n\n\n\n<ul class=\"wp-block-list\">\n<li>Equilibre le syst\u00e8me nerveux<\/li>\n\n\n\n<li>Calme l&rsquo;esprit, all\u00e8ge l&rsquo;humeur<\/li>\n\n\n\n<li>Stimule la digestion<\/li>\n\n\n\n<li>Booste l&rsquo;immunit\u00e9<\/li>\n\n\n\n<li>Stimule la cr\u00e9ativit\u00e9<\/li>\n\n\n\n<li>Aide \u00e0 r\u00e9soudre certaines probl\u00e9matiques personnelles (clart\u00e9 mentale)<\/li>\n\n\n\n<li>Diminue le stress (avec baisse du cortisol), et la fatigue ; r\u00e9duit l&rsquo;anxi\u00e9t\u00e9 et la d\u00e9prime passag\u00e8re<\/li>\n\n\n\n<li>R\u00e9g\u00e9n\u00e8re l&rsquo;\u00e9nergie vitale<\/li>\n\n\n\n<li>Soutient la sant\u00e9 mentale et am\u00e9liore la concentration<\/li>\n\n\n\n<li>Aide \u00e0 prendre confiance en soi<\/li>\n\n\n\n<li>Am\u00e9liore la capacit\u00e9 respiratoire<\/li>\n\n\n\n<li>Favorise un sommeil r\u00e9parateur<\/li>\n\n\n\n<li>B\u00e9n\u00e9fique pour les diff\u00e9rents syst\u00e8mes du corps (lymphatique, endocrinien, circulatoire, nerveux)<\/li>\n<\/ul>\n\n\n\n<h2 class=\"wp-block-heading\">Yoga Restauratif &amp; Equilibre \u00e9nerg\u00e9tique<\/h2>\n\n\n\n<p>Le yoga restauratif s&rsquo;int\u00e9gre parfaitement dans une d\u00e9marche de <strong>bien-\u00eatre global<\/strong>. Combin\u00e9 \u00e0 des approches compl\u00e9mentaires, comme la florith\u00e9rapie et l&rsquo;hom\u00e9opathie, il soutient le travail de r\u00e9\u00e9quilibrage \u00e9nerg\u00e9tique et \u00e9motionnel. <\/p>\n\n\n\n<p>Il favorise la r\u00e9g\u00e9n\u00e9ration du corps, la <strong>circulation des fluides et des \u00e9nergies<\/strong>, et aide \u00e9galement \u00e0 lib\u00e9rer les blocages internes. <\/p>\n\n\n<div class=\"wp-block-image\">\n<figure class=\"aligncenter size-full\"><img loading=\"lazy\" decoding=\"async\" width=\"265\" height=\"190\" src=\"https:\/\/amesophro.com\/wp-content\/uploads\/2024\/03\/images.jpeg\" alt=\"\" class=\"wp-image-1711\"\/><\/figure>\n<\/div>\n\n\n<p class=\"has-large-font-size\"><a href=\"https:\/\/perfactive.fr\/sophie-righetti\/sophie-righetti\/book\" data-type=\"page\" data-id=\"1656\" target=\"_blank\" rel=\"noreferrer noopener\">JE SOUHAITE R\u00c9SERVER UNE S\u00c9ANCE<\/a><\/p>\n","protected":false},"excerpt":{"rendered":"<p>D\u00e9couvrez le yoga restauratif \u00e0 Briey &#8211; D\u00e9tente, relaxation &amp; r\u00e9g\u00e9n\u00e9ration profonde Vous avez besoin de vous r\u00e9g\u00e9n\u00e9rer en profondeur, corps et esprit ? Vous avez besoin de booster votre syst\u00e8me immunitaire ?Vous sentez que votre syst\u00e8me digestif fonctionne au ralenti ?Vous souffrez r\u00e9guli\u00e8rement de migraines, syndromes pr\u00e9-menstruels ?Vous \u00eates stress\u00e9, fatigu\u00e9, et ressentez le &hellip; <\/p>\n","protected":false},"author":1,"featured_media":0,"parent":0,"menu_order":0,"comment_status":"closed","ping_status":"closed","template":"","meta":{"footnotes":""},"class_list":["post-1701","page","type-page","status-publish","hentry"],"yoast_head":"<!-- This site is optimized with the Yoast SEO plugin v27.4 - https:\/\/yoast.com\/product\/yoast-seo-wordpress\/ -->\n<title>Yoga Restauratif Briey<\/title>\n<meta name=\"description\" content=\"D\u00e9couvrez le yoga restauratif \u00e0 Briey, une pratique douce et r\u00e9g\u00e9n\u00e9rante qui apaise le corps et l&#039;esprit. Redonne \u00e9nergie &amp; \u00e9quilibre.\" \/>\n<meta name=\"robots\" content=\"index, follow, max-snippet:-1, max-image-preview:large, max-video-preview:-1\" \/>\n<link rel=\"canonical\" href=\"https:\/\/amesophro.com\/index.php\/yoga-restauratif-a-briey-detente-relaxation-energie-interieure\/\" \/>\n<meta property=\"og:locale\" content=\"fr_FR\" \/>\n<meta property=\"og:type\" content=\"article\" \/>\n<meta property=\"og:title\" content=\"Yoga Restauratif Briey\" \/>\n<meta property=\"og:description\" content=\"D\u00e9couvrez le yoga restauratif \u00e0 Briey, une pratique douce et r\u00e9g\u00e9n\u00e9rante qui apaise le corps et l&#039;esprit. Redonne \u00e9nergie &amp; \u00e9quilibre.\" \/>\n<meta property=\"og:url\" content=\"https:\/\/amesophro.com\/index.php\/yoga-restauratif-a-briey-detente-relaxation-energie-interieure\/\" \/>\n<meta property=\"og:site_name\" content=\"Sophie RIGHETTI\" \/>\n<meta property=\"article:modified_time\" content=\"2026-03-18T16:47:54+00:00\" \/>\n<meta property=\"og:image\" content=\"https:\/\/amesophro.com\/wp-content\/uploads\/2024\/02\/1697526379017.jpg\" \/>\n\t<meta property=\"og:image:width\" content=\"566\" \/>\n\t<meta property=\"og:image:height\" content=\"763\" \/>\n\t<meta property=\"og:image:type\" content=\"image\/jpeg\" \/>\n<meta name=\"twitter:card\" content=\"summary_large_image\" \/>\n<meta name=\"twitter:label1\" content=\"Dur\u00e9e de lecture estim\u00e9e\" \/>\n\t<meta name=\"twitter:data1\" content=\"3 minutes\" \/>\n<script type=\"application\/ld+json\" class=\"yoast-schema-graph\">{\"@context\":\"https:\\\/\\\/schema.org\",\"@graph\":[{\"@type\":\"WebPage\",\"@id\":\"https:\\\/\\\/amesophro.com\\\/index.php\\\/yoga-restauratif-a-briey-detente-relaxation-energie-interieure\\\/\",\"url\":\"https:\\\/\\\/amesophro.com\\\/index.php\\\/yoga-restauratif-a-briey-detente-relaxation-energie-interieure\\\/\",\"name\":\"Yoga Restauratif Briey\",\"isPartOf\":{\"@id\":\"https:\\\/\\\/amesophro.com\\\/#website\"},\"primaryImageOfPage\":{\"@id\":\"https:\\\/\\\/amesophro.com\\\/index.php\\\/yoga-restauratif-a-briey-detente-relaxation-energie-interieure\\\/#primaryimage\"},\"image\":{\"@id\":\"https:\\\/\\\/amesophro.com\\\/index.php\\\/yoga-restauratif-a-briey-detente-relaxation-energie-interieure\\\/#primaryimage\"},\"thumbnailUrl\":\"https:\\\/\\\/amesophro.com\\\/wp-content\\\/uploads\\\/2024\\\/02\\\/1697526379017.jpg\",\"datePublished\":\"2024-03-14T09:57:28+00:00\",\"dateModified\":\"2026-03-18T16:47:54+00:00\",\"description\":\"D\u00e9couvrez le yoga restauratif \u00e0 Briey, une pratique douce et r\u00e9g\u00e9n\u00e9rante qui apaise le corps et l'esprit. Redonne \u00e9nergie & \u00e9quilibre.\",\"breadcrumb\":{\"@id\":\"https:\\\/\\\/amesophro.com\\\/index.php\\\/yoga-restauratif-a-briey-detente-relaxation-energie-interieure\\\/#breadcrumb\"},\"inLanguage\":\"fr-FR\",\"potentialAction\":[{\"@type\":\"ReadAction\",\"target\":[\"https:\\\/\\\/amesophro.com\\\/index.php\\\/yoga-restauratif-a-briey-detente-relaxation-energie-interieure\\\/\"]}]},{\"@type\":\"ImageObject\",\"inLanguage\":\"fr-FR\",\"@id\":\"https:\\\/\\\/amesophro.com\\\/index.php\\\/yoga-restauratif-a-briey-detente-relaxation-energie-interieure\\\/#primaryimage\",\"url\":\"https:\\\/\\\/amesophro.com\\\/wp-content\\\/uploads\\\/2024\\\/02\\\/1697526379017.jpg\",\"contentUrl\":\"https:\\\/\\\/amesophro.com\\\/wp-content\\\/uploads\\\/2024\\\/02\\\/1697526379017.jpg\",\"width\":566,\"height\":763},{\"@type\":\"BreadcrumbList\",\"@id\":\"https:\\\/\\\/amesophro.com\\\/index.php\\\/yoga-restauratif-a-briey-detente-relaxation-energie-interieure\\\/#breadcrumb\",\"itemListElement\":[{\"@type\":\"ListItem\",\"position\":1,\"name\":\"Accueil\",\"item\":\"https:\\\/\\\/amesophro.com\\\/\"},{\"@type\":\"ListItem\",\"position\":2,\"name\":\"YOGA RESTAURATIF\"}]},{\"@type\":\"WebSite\",\"@id\":\"https:\\\/\\\/amesophro.com\\\/#website\",\"url\":\"https:\\\/\\\/amesophro.com\\\/\",\"name\":\"Sophie RIGHETTI\",\"description\":\"Florith\u00e9rapie &amp; Hom\u00e9opathie\",\"publisher\":{\"@id\":\"https:\\\/\\\/amesophro.com\\\/#\\\/schema\\\/person\\\/5582b2a0e8cc8ecbbec1c08c6b998a36\"},\"potentialAction\":[{\"@type\":\"SearchAction\",\"target\":{\"@type\":\"EntryPoint\",\"urlTemplate\":\"https:\\\/\\\/amesophro.com\\\/?s={search_term_string}\"},\"query-input\":{\"@type\":\"PropertyValueSpecification\",\"valueRequired\":true,\"valueName\":\"search_term_string\"}}],\"inLanguage\":\"fr-FR\"},{\"@type\":[\"Person\",\"Organization\"],\"@id\":\"https:\\\/\\\/amesophro.com\\\/#\\\/schema\\\/person\\\/5582b2a0e8cc8ecbbec1c08c6b998a36\",\"name\":\"Sophie Righetti\",\"image\":{\"@type\":\"ImageObject\",\"inLanguage\":\"fr-FR\",\"@id\":\"https:\\\/\\\/amesophro.com\\\/wp-content\\\/uploads\\\/2022\\\/11\\\/10.png\",\"url\":\"https:\\\/\\\/amesophro.com\\\/wp-content\\\/uploads\\\/2022\\\/11\\\/10.png\",\"contentUrl\":\"https:\\\/\\\/amesophro.com\\\/wp-content\\\/uploads\\\/2022\\\/11\\\/10.png\",\"width\":2160,\"height\":2160,\"caption\":\"Sophie Righetti\"},\"logo\":{\"@id\":\"https:\\\/\\\/amesophro.com\\\/wp-content\\\/uploads\\\/2022\\\/11\\\/10.png\"},\"sameAs\":[\"https:\\\/\\\/www.instagram.com\\\/leslowstudio\\\/?next=oauthauthorizeresponse_typecodeclient_id3636846253273131redirect_urihttpspublic-api.wordpress.comconnectstateeyJtYWdpYyI6ImtleXJpbmciLCJhY3Rpb24iOiJ2ZXJpZnkiLCJrcl9ub25jZSI6IjUyY2I0OTkzYmIiLCJub25jZSI6IjhiNTMxOGUyNGQiLCJzZXJ2aWNlIjoiaW5zdGFncmFtLWJhc2ljLWRpc3BsYXkiLCJzdGF0ZSI6NjU4NzEwNzgsImhhc2giOiIwMjJjNjQyYTUxYjUwZDVkZGIwNGY1YTQyZjAwYzM5OTZhYjc1ZjY4N2ExNmJkMzgzMjNhNWM4M2E2YzczYThhIn0scopeinstagram_business_basiclogger_id0b404ff3-58ff-4f47-a00a-0d48537b5794\"]}]}<\/script>\n<!-- \/ Yoast SEO plugin. -->","yoast_head_json":{"title":"Yoga Restauratif Briey","description":"D\u00e9couvrez le yoga restauratif \u00e0 Briey, une pratique douce et r\u00e9g\u00e9n\u00e9rante qui apaise le corps et l'esprit. Redonne \u00e9nergie & \u00e9quilibre.","robots":{"index":"index","follow":"follow","max-snippet":"max-snippet:-1","max-image-preview":"max-image-preview:large","max-video-preview":"max-video-preview:-1"},"canonical":"https:\/\/amesophro.com\/index.php\/yoga-restauratif-a-briey-detente-relaxation-energie-interieure\/","og_locale":"fr_FR","og_type":"article","og_title":"Yoga Restauratif Briey","og_description":"D\u00e9couvrez le yoga restauratif \u00e0 Briey, une pratique douce et r\u00e9g\u00e9n\u00e9rante qui apaise le corps et l'esprit. Redonne \u00e9nergie & \u00e9quilibre.","og_url":"https:\/\/amesophro.com\/index.php\/yoga-restauratif-a-briey-detente-relaxation-energie-interieure\/","og_site_name":"Sophie RIGHETTI","article_modified_time":"2026-03-18T16:47:54+00:00","og_image":[{"width":566,"height":763,"url":"https:\/\/amesophro.com\/wp-content\/uploads\/2024\/02\/1697526379017.jpg","type":"image\/jpeg"}],"twitter_card":"summary_large_image","twitter_misc":{"Dur\u00e9e de lecture estim\u00e9e":"3 minutes"},"schema":{"@context":"https:\/\/schema.org","@graph":[{"@type":"WebPage","@id":"https:\/\/amesophro.com\/index.php\/yoga-restauratif-a-briey-detente-relaxation-energie-interieure\/","url":"https:\/\/amesophro.com\/index.php\/yoga-restauratif-a-briey-detente-relaxation-energie-interieure\/","name":"Yoga Restauratif Briey","isPartOf":{"@id":"https:\/\/amesophro.com\/#website"},"primaryImageOfPage":{"@id":"https:\/\/amesophro.com\/index.php\/yoga-restauratif-a-briey-detente-relaxation-energie-interieure\/#primaryimage"},"image":{"@id":"https:\/\/amesophro.com\/index.php\/yoga-restauratif-a-briey-detente-relaxation-energie-interieure\/#primaryimage"},"thumbnailUrl":"https:\/\/amesophro.com\/wp-content\/uploads\/2024\/02\/1697526379017.jpg","datePublished":"2024-03-14T09:57:28+00:00","dateModified":"2026-03-18T16:47:54+00:00","description":"D\u00e9couvrez le yoga restauratif \u00e0 Briey, une pratique douce et r\u00e9g\u00e9n\u00e9rante qui apaise le corps et l'esprit. Redonne \u00e9nergie & \u00e9quilibre.","breadcrumb":{"@id":"https:\/\/amesophro.com\/index.php\/yoga-restauratif-a-briey-detente-relaxation-energie-interieure\/#breadcrumb"},"inLanguage":"fr-FR","potentialAction":[{"@type":"ReadAction","target":["https:\/\/amesophro.com\/index.php\/yoga-restauratif-a-briey-detente-relaxation-energie-interieure\/"]}]},{"@type":"ImageObject","inLanguage":"fr-FR","@id":"https:\/\/amesophro.com\/index.php\/yoga-restauratif-a-briey-detente-relaxation-energie-interieure\/#primaryimage","url":"https:\/\/amesophro.com\/wp-content\/uploads\/2024\/02\/1697526379017.jpg","contentUrl":"https:\/\/amesophro.com\/wp-content\/uploads\/2024\/02\/1697526379017.jpg","width":566,"height":763},{"@type":"BreadcrumbList","@id":"https:\/\/amesophro.com\/index.php\/yoga-restauratif-a-briey-detente-relaxation-energie-interieure\/#breadcrumb","itemListElement":[{"@type":"ListItem","position":1,"name":"Accueil","item":"https:\/\/amesophro.com\/"},{"@type":"ListItem","position":2,"name":"YOGA RESTAURATIF"}]},{"@type":"WebSite","@id":"https:\/\/amesophro.com\/#website","url":"https:\/\/amesophro.com\/","name":"Sophie RIGHETTI","description":"Florith\u00e9rapie &amp; Hom\u00e9opathie","publisher":{"@id":"https:\/\/amesophro.com\/#\/schema\/person\/5582b2a0e8cc8ecbbec1c08c6b998a36"},"potentialAction":[{"@type":"SearchAction","target":{"@type":"EntryPoint","urlTemplate":"https:\/\/amesophro.com\/?s={search_term_string}"},"query-input":{"@type":"PropertyValueSpecification","valueRequired":true,"valueName":"search_term_string"}}],"inLanguage":"fr-FR"},{"@type":["Person","Organization"],"@id":"https:\/\/amesophro.com\/#\/schema\/person\/5582b2a0e8cc8ecbbec1c08c6b998a36","name":"Sophie Righetti","image":{"@type":"ImageObject","inLanguage":"fr-FR","@id":"https:\/\/amesophro.com\/wp-content\/uploads\/2022\/11\/10.png","url":"https:\/\/amesophro.com\/wp-content\/uploads\/2022\/11\/10.png","contentUrl":"https:\/\/amesophro.com\/wp-content\/uploads\/2022\/11\/10.png","width":2160,"height":2160,"caption":"Sophie Righetti"},"logo":{"@id":"https:\/\/amesophro.com\/wp-content\/uploads\/2022\/11\/10.png"},"sameAs":["https:\/\/www.instagram.com\/leslowstudio\/?next=oauthauthorizeresponse_typecodeclient_id3636846253273131redirect_urihttpspublic-api.wordpress.comconnectstateeyJtYWdpYyI6ImtleXJpbmciLCJhY3Rpb24iOiJ2ZXJpZnkiLCJrcl9ub25jZSI6IjUyY2I0OTkzYmIiLCJub25jZSI6IjhiNTMxOGUyNGQiLCJzZXJ2aWNlIjoiaW5zdGFncmFtLWJhc2ljLWRpc3BsYXkiLCJzdGF0ZSI6NjU4NzEwNzgsImhhc2giOiIwMjJjNjQyYTUxYjUwZDVkZGIwNGY1YTQyZjAwYzM5OTZhYjc1ZjY4N2ExNmJkMzgzMjNhNWM4M2E2YzczYThhIn0scopeinstagram_business_basiclogger_id0b404ff3-58ff-4f47-a00a-0d48537b5794"]}]}},"jetpack_sharing_enabled":true,"_links":{"self":[{"href":"https:\/\/amesophro.com\/index.php\/wp-json\/wp\/v2\/pages\/1701","targetHints":{"allow":["GET"]}}],"collection":[{"href":"https:\/\/amesophro.com\/index.php\/wp-json\/wp\/v2\/pages"}],"about":[{"href":"https:\/\/amesophro.com\/index.php\/wp-json\/wp\/v2\/types\/page"}],"author":[{"embeddable":true,"href":"https:\/\/amesophro.com\/index.php\/wp-json\/wp\/v2\/users\/1"}],"replies":[{"embeddable":true,"href":"https:\/\/amesophro.com\/index.php\/wp-json\/wp\/v2\/comments?post=1701"}],"version-history":[{"count":26,"href":"https:\/\/amesophro.com\/index.php\/wp-json\/wp\/v2\/pages\/1701\/revisions"}],"predecessor-version":[{"id":3299,"href":"https:\/\/amesophro.com\/index.php\/wp-json\/wp\/v2\/pages\/1701\/revisions\/3299"}],"wp:attachment":[{"href":"https:\/\/amesophro.com\/index.php\/wp-json\/wp\/v2\/media?parent=1701"}],"curies":[{"name":"wp","href":"https:\/\/api.w.org\/{rel}","templated":true}]}}