{"id":98,"date":"2019-11-12T23:04:45","date_gmt":"2019-11-12T22:04:45","guid":{"rendered":"http:\/\/amesophro.com\/?page_id=98"},"modified":"2026-03-18T18:28:30","modified_gmt":"2026-03-18T17:28:30","slug":"a-propose-de-sophie-righetti-therapeute-en-floritherapie-homeopathie-et-yoga-doux-a-briey","status":"publish","type":"page","link":"https:\/\/amesophro.com\/index.php\/a-propose-de-sophie-righetti-therapeute-en-floritherapie-homeopathie-et-yoga-doux-a-briey\/","title":{"rendered":"A PROPOS"},"content":{"rendered":"\n<h2 class=\"wp-block-heading\">Une invitation \u00e0 Ralentir \u00e0 Briey&#8230;<\/h2>\n\n\n\n<div class=\"wp-block-columns alignfull is-layout-flex wp-container-core-columns-is-layout-9d6595d7 wp-block-columns-is-layout-flex\">\n<div class=\"wp-block-column is-layout-flow wp-block-column-is-layout-flow\" style=\"flex-basis:50%\">\n<div class=\"wp-block-cover is-light\" style=\"min-height:600px;aspect-ratio:unset;\"><span aria-hidden=\"true\" class=\"wp-block-cover__background has-background-dim-100 has-background-dim\" style=\"background-color:#f6f6f6\"><\/span><div class=\"wp-block-cover__inner-container is-layout-flow wp-block-cover-is-layout-flow\"><div class=\"wp-block-image\">\n<figure class=\"aligncenter size-medium\"><img loading=\"lazy\" decoding=\"async\" width=\"247\" height=\"300\" src=\"https:\/\/amesophro.com\/wp-content\/uploads\/2020\/07\/cropped-Cyrille-Guir-Photographe-2826-247x300.jpg\" alt=\"\" class=\"wp-image-584\" srcset=\"https:\/\/amesophro.com\/wp-content\/uploads\/2020\/07\/cropped-Cyrille-Guir-Photographe-2826-247x300.jpg 247w, https:\/\/amesophro.com\/wp-content\/uploads\/2020\/07\/cropped-Cyrille-Guir-Photographe-2826-843x1024.jpg 843w, https:\/\/amesophro.com\/wp-content\/uploads\/2020\/07\/cropped-Cyrille-Guir-Photographe-2826-768x932.jpg 768w, https:\/\/amesophro.com\/wp-content\/uploads\/2020\/07\/cropped-Cyrille-Guir-Photographe-2826-1265x1536.jpg 1265w, https:\/\/amesophro.com\/wp-content\/uploads\/2020\/07\/cropped-Cyrille-Guir-Photographe-2826-1140x1384.jpg 1140w, https:\/\/amesophro.com\/wp-content\/uploads\/2020\/07\/cropped-Cyrille-Guir-Photographe-2826-600x728.jpg 600w, https:\/\/amesophro.com\/wp-content\/uploads\/2020\/07\/cropped-Cyrille-Guir-Photographe-2826.jpg 1500w\" sizes=\"auto, (max-width: 247px) 100vw, 247px\" \/><\/figure>\n<\/div><\/div><\/div>\n<\/div>\n\n\n\n<div class=\"wp-block-column is-vertically-aligned-center is-layout-flow wp-block-column-is-layout-flow\" style=\"padding-top:1em;padding-right:1em;padding-bottom:1em;padding-left:1em\">\n<div class=\"wp-block-columns is-layout-flex wp-container-core-columns-is-layout-9d6595d7 wp-block-columns-is-layout-flex\">\n<div class=\"wp-block-column is-layout-flow wp-block-column-is-layout-flow\" style=\"flex-basis:320px\">\n<p class=\"has-medium-font-size\" style=\"line-height:1.6\"><strong><em>Transmettre ce que j&rsquo;exp\u00e9rimente<\/em><\/strong><\/p>\n\n\n\n<p class=\"has-medium-font-size\" style=\"line-height:1.6\">Il y a derri\u00e8re chaque accompagnement un chemin personnel. <\/p>\n\n\n\n<p class=\"has-medium-font-size\">Le mien est profond\u00e9ment li\u00e9 \u00e0 la compr\u00e9hension des \u00e9motions et \u00e0 l&rsquo;ultra <a href=\"https:\/\/amesophro.com\/index.php\/hypersensibilite-a-briey\/\" type=\"page\" id=\"3387\">sensibilit\u00e9<\/a>, ainsi qu&rsquo;\u00e0 cette envie de cultiver le ralentissement.<\/p>\n\n\n\n<p class=\"has-medium-font-size\">Au fil de mon parcours, j&rsquo;ai \u00e9t\u00e9 attir\u00e9 par des approches douces, respectueuses et globales. C&rsquo;est ainsi que l&rsquo;hom\u00e9opathie et la th\u00e9rapie florale se sont impos\u00e9es comme des \u00e9vidences. <\/p>\n\n\n\n<p class=\"has-medium-font-size\">Les pr\u00e9mices d&rsquo;un burn-out m&rsquo;ont pouss\u00e9 \u00e0 ralentir, ce qui m&rsquo;a permis de faire l&rsquo;exp\u00e9rience du yoga restauratif.<\/p>\n<\/div>\n<\/div>\n<\/div>\n<\/div>\n\n\n\n<p class=\"has-medium-font-size\">Je suis convaincue que chaque \u00e9motion \u00e0 un sens, que chaque personne poss\u00e8de ses propres ressources et qu&rsquo;il est possible de trouver l&rsquo;\u00e9quilibre sans brusquer les choses.<\/p>\n\n\n\n<p class=\"has-medium-font-size\">Aujourd&rsquo;hui, j&rsquo;ai su faire de ma sensibilit\u00e9 une force et un atout. Elle me permet de capter ce qui se joue \u00e9motionnellement en vous et de vous accueillir dans votre singularit\u00e9. J&rsquo;ai d\u00e9velopp\u00e9 un accompagnement doux et profond \u00e0 la fois, ou` le jugement n&rsquo;a pas sa place. <\/p>\n\n\n\n<p class=\"has-large-font-size\"><strong>Mes formations :<\/strong><\/p>\n\n\n\n<ul class=\"wp-block-list\">\n<li>Mai 2008 : Dipl\u00f4me de Docteur en Pharmacie &#8211; Nancy<\/li>\n\n\n\n<li>Septembre 2019 : Dipl\u00f4me d&rsquo;enseignement Sup\u00e9rieur en Hom\u00e9opathie &#8211; FFSH<\/li>\n\n\n\n<li>D\u00e9cembre 2019 : Sophrologue certifi\u00e9e RNCP<\/li>\n\n\n\n<li>F\u00e9vrier 2020 : Form\u00e9e au Restorative Yoga &#8211; Niveau 1 (25h) &#8211; chez Lou de Vitry<\/li>\n\n\n\n<li>Mars 2023 : Form\u00e9e au 38 Fleurs de Bach aupr\u00e8s de Mathilde Juan<\/li>\n\n\n\n<li>Septembre 2023 : Form\u00e9e au Yin Yoga les fondamentaux (60h)<\/li>\n\n\n\n<li>F\u00e9vrier 2024 : Form\u00e9e au yoga nidra<\/li>\n\n\n\n<li>Juillet 2025 : Praticienne en Psychog\u00e9n\u00e9alogie &amp; analyse transg\u00e9n\u00e9rationnelle (institut Genoom)<\/li>\n<\/ul>\n\n\n\n<p><\/p>\n\n\n\n<p class=\"has-normal-font-size\"><\/p>\n\n\n\n<hr class=\"wp-block-separator has-css-opacity is-style-default\"\/>\n\n\n<div class=\"wp-block-image is-style-rounded\">\n<figure class=\"aligncenter size-full is-resized\"><img loading=\"lazy\" decoding=\"async\" width=\"287\" height=\"400\" src=\"https:\/\/amesophro.com\/wp-content\/uploads\/2025\/02\/1007488-Carl_Gustav_Jung.jpg\" alt=\"\" class=\"wp-image-1850\" style=\"width:150px;height:150px\" srcset=\"https:\/\/amesophro.com\/wp-content\/uploads\/2025\/02\/1007488-Carl_Gustav_Jung.jpg 287w, https:\/\/amesophro.com\/wp-content\/uploads\/2025\/02\/1007488-Carl_Gustav_Jung-215x300.jpg 215w\" sizes=\"auto, (max-width: 287px) 100vw, 287px\" \/><\/figure>\n<\/div>\n\n\n<blockquote class=\"wp-block-quote has-text-align-center is-style-large is-layout-flow wp-block-quote-is-layout-flow\">\n<p>\u00ab&nbsp;<em>Votre vision devient claire lorsque vous pouvez regarder dans votre c\u0153ur. <\/em><\/p>\n\n\n\n<p><em>Celui qui regarde \u00e0 l\u2019ext\u00e9rieur de soi ne fait que r\u00eaver; celui qui regarde en soi se r\u00e9veille.<\/em>\u00bb<\/p>\n<cite>\u2014 Carl Gustav JUNG<\/cite><\/blockquote>\n\n\n\n<hr class=\"wp-block-separator has-css-opacity is-style-default\"\/>\n","protected":false},"excerpt":{"rendered":"<p>Une invitation \u00e0 Ralentir \u00e0 Briey&#8230; Transmettre ce que j&rsquo;exp\u00e9rimente Il y a derri\u00e8re chaque accompagnement un chemin personnel. Le mien est profond\u00e9ment li\u00e9 \u00e0 la compr\u00e9hension des \u00e9motions et \u00e0 l&rsquo;ultra sensibilit\u00e9, ainsi qu&rsquo;\u00e0 cette envie de cultiver le ralentissement. Au fil de mon parcours, j&rsquo;ai \u00e9t\u00e9 attir\u00e9 par des approches douces, respectueuses et &hellip; <\/p>\n","protected":false},"author":1,"featured_media":0,"parent":0,"menu_order":0,"comment_status":"closed","ping_status":"closed","template":"","meta":{"footnotes":""},"class_list":["post-98","page","type-page","status-publish","hentry"],"yoast_head":"<!-- This site is optimized with the Yoast SEO plugin v27.4 - https:\/\/yoast.com\/product\/yoast-seo-wordpress\/ -->\n<title>A PROPOS - Sophie RIGHETTI<\/title>\n<meta name=\"description\" content=\"D\u00e9couvrez le parcours et la philosophie de Sophie Righetti, th\u00e9rapeute en florith\u00e9rapie, hom\u00e9opathie et yoga doux \u00e0 Briey.\" \/>\n<meta name=\"robots\" content=\"index, follow, max-snippet:-1, max-image-preview:large, max-video-preview:-1\" \/>\n<link rel=\"canonical\" href=\"https:\/\/amesophro.com\/index.php\/a-propose-de-sophie-righetti-therapeute-en-floritherapie-homeopathie-et-yoga-doux-a-briey\/\" \/>\n<meta property=\"og:locale\" content=\"fr_FR\" \/>\n<meta property=\"og:type\" content=\"article\" \/>\n<meta property=\"og:title\" content=\"A PROPOS - Sophie RIGHETTI\" \/>\n<meta property=\"og:description\" content=\"D\u00e9couvrez le parcours et la philosophie de Sophie Righetti, th\u00e9rapeute en florith\u00e9rapie, hom\u00e9opathie et yoga doux \u00e0 Briey.\" \/>\n<meta property=\"og:url\" content=\"https:\/\/amesophro.com\/index.php\/a-propose-de-sophie-righetti-therapeute-en-floritherapie-homeopathie-et-yoga-doux-a-briey\/\" \/>\n<meta property=\"og:site_name\" content=\"Sophie RIGHETTI\" \/>\n<meta property=\"article:modified_time\" content=\"2026-03-18T17:28:30+00:00\" \/>\n<meta property=\"og:image\" content=\"https:\/\/amesophro.com\/wp-content\/uploads\/2020\/07\/cropped-Cyrille-Guir-Photographe-2826.jpg\" \/>\n\t<meta property=\"og:image:width\" content=\"1500\" \/>\n\t<meta property=\"og:image:height\" content=\"1821\" \/>\n\t<meta property=\"og:image:type\" content=\"image\/jpeg\" \/>\n<meta name=\"twitter:card\" content=\"summary_large_image\" \/>\n<meta name=\"twitter:label1\" content=\"Dur\u00e9e de lecture estim\u00e9e\" \/>\n\t<meta name=\"twitter:data1\" content=\"2 minutes\" \/>\n<script type=\"application\/ld+json\" class=\"yoast-schema-graph\">{\"@context\":\"https:\\\/\\\/schema.org\",\"@graph\":[{\"@type\":\"WebPage\",\"@id\":\"https:\\\/\\\/amesophro.com\\\/index.php\\\/a-propose-de-sophie-righetti-therapeute-en-floritherapie-homeopathie-et-yoga-doux-a-briey\\\/\",\"url\":\"https:\\\/\\\/amesophro.com\\\/index.php\\\/a-propose-de-sophie-righetti-therapeute-en-floritherapie-homeopathie-et-yoga-doux-a-briey\\\/\",\"name\":\"A PROPOS - Sophie RIGHETTI\",\"isPartOf\":{\"@id\":\"https:\\\/\\\/amesophro.com\\\/#website\"},\"primaryImageOfPage\":{\"@id\":\"https:\\\/\\\/amesophro.com\\\/index.php\\\/a-propose-de-sophie-righetti-therapeute-en-floritherapie-homeopathie-et-yoga-doux-a-briey\\\/#primaryimage\"},\"image\":{\"@id\":\"https:\\\/\\\/amesophro.com\\\/index.php\\\/a-propose-de-sophie-righetti-therapeute-en-floritherapie-homeopathie-et-yoga-doux-a-briey\\\/#primaryimage\"},\"thumbnailUrl\":\"https:\\\/\\\/amesophro.com\\\/wp-content\\\/uploads\\\/2020\\\/07\\\/cropped-Cyrille-Guir-Photographe-2826-247x300.jpg\",\"datePublished\":\"2019-11-12T22:04:45+00:00\",\"dateModified\":\"2026-03-18T17:28:30+00:00\",\"description\":\"D\u00e9couvrez le parcours et la philosophie de Sophie Righetti, th\u00e9rapeute en florith\u00e9rapie, hom\u00e9opathie et yoga doux \u00e0 Briey.\",\"breadcrumb\":{\"@id\":\"https:\\\/\\\/amesophro.com\\\/index.php\\\/a-propose-de-sophie-righetti-therapeute-en-floritherapie-homeopathie-et-yoga-doux-a-briey\\\/#breadcrumb\"},\"inLanguage\":\"fr-FR\",\"potentialAction\":[{\"@type\":\"ReadAction\",\"target\":[\"https:\\\/\\\/amesophro.com\\\/index.php\\\/a-propose-de-sophie-righetti-therapeute-en-floritherapie-homeopathie-et-yoga-doux-a-briey\\\/\"]}]},{\"@type\":\"ImageObject\",\"inLanguage\":\"fr-FR\",\"@id\":\"https:\\\/\\\/amesophro.com\\\/index.php\\\/a-propose-de-sophie-righetti-therapeute-en-floritherapie-homeopathie-et-yoga-doux-a-briey\\\/#primaryimage\",\"url\":\"https:\\\/\\\/amesophro.com\\\/wp-content\\\/uploads\\\/2020\\\/07\\\/cropped-Cyrille-Guir-Photographe-2826.jpg\",\"contentUrl\":\"https:\\\/\\\/amesophro.com\\\/wp-content\\\/uploads\\\/2020\\\/07\\\/cropped-Cyrille-Guir-Photographe-2826.jpg\",\"width\":1500,\"height\":1821},{\"@type\":\"BreadcrumbList\",\"@id\":\"https:\\\/\\\/amesophro.com\\\/index.php\\\/a-propose-de-sophie-righetti-therapeute-en-floritherapie-homeopathie-et-yoga-doux-a-briey\\\/#breadcrumb\",\"itemListElement\":[{\"@type\":\"ListItem\",\"position\":1,\"name\":\"Accueil\",\"item\":\"https:\\\/\\\/amesophro.com\\\/\"},{\"@type\":\"ListItem\",\"position\":2,\"name\":\"A PROPOS\"}]},{\"@type\":\"WebSite\",\"@id\":\"https:\\\/\\\/amesophro.com\\\/#website\",\"url\":\"https:\\\/\\\/amesophro.com\\\/\",\"name\":\"Sophie RIGHETTI\",\"description\":\"Florith\u00e9rapie &amp; Hom\u00e9opathie\",\"publisher\":{\"@id\":\"https:\\\/\\\/amesophro.com\\\/#\\\/schema\\\/person\\\/5582b2a0e8cc8ecbbec1c08c6b998a36\"},\"potentialAction\":[{\"@type\":\"SearchAction\",\"target\":{\"@type\":\"EntryPoint\",\"urlTemplate\":\"https:\\\/\\\/amesophro.com\\\/?s={search_term_string}\"},\"query-input\":{\"@type\":\"PropertyValueSpecification\",\"valueRequired\":true,\"valueName\":\"search_term_string\"}}],\"inLanguage\":\"fr-FR\"},{\"@type\":[\"Person\",\"Organization\"],\"@id\":\"https:\\\/\\\/amesophro.com\\\/#\\\/schema\\\/person\\\/5582b2a0e8cc8ecbbec1c08c6b998a36\",\"name\":\"Sophie Righetti\",\"image\":{\"@type\":\"ImageObject\",\"inLanguage\":\"fr-FR\",\"@id\":\"https:\\\/\\\/amesophro.com\\\/wp-content\\\/uploads\\\/2022\\\/11\\\/10.png\",\"url\":\"https:\\\/\\\/amesophro.com\\\/wp-content\\\/uploads\\\/2022\\\/11\\\/10.png\",\"contentUrl\":\"https:\\\/\\\/amesophro.com\\\/wp-content\\\/uploads\\\/2022\\\/11\\\/10.png\",\"width\":2160,\"height\":2160,\"caption\":\"Sophie Righetti\"},\"logo\":{\"@id\":\"https:\\\/\\\/amesophro.com\\\/wp-content\\\/uploads\\\/2022\\\/11\\\/10.png\"},\"sameAs\":[\"https:\\\/\\\/www.instagram.com\\\/leslowstudio\\\/?next=oauthauthorizeresponse_typecodeclient_id3636846253273131redirect_urihttpspublic-api.wordpress.comconnectstateeyJtYWdpYyI6ImtleXJpbmciLCJhY3Rpb24iOiJ2ZXJpZnkiLCJrcl9ub25jZSI6IjUyY2I0OTkzYmIiLCJub25jZSI6IjhiNTMxOGUyNGQiLCJzZXJ2aWNlIjoiaW5zdGFncmFtLWJhc2ljLWRpc3BsYXkiLCJzdGF0ZSI6NjU4NzEwNzgsImhhc2giOiIwMjJjNjQyYTUxYjUwZDVkZGIwNGY1YTQyZjAwYzM5OTZhYjc1ZjY4N2ExNmJkMzgzMjNhNWM4M2E2YzczYThhIn0scopeinstagram_business_basiclogger_id0b404ff3-58ff-4f47-a00a-0d48537b5794\"]}]}<\/script>\n<!-- \/ Yoast SEO plugin. -->","yoast_head_json":{"title":"A PROPOS - Sophie RIGHETTI","description":"D\u00e9couvrez le parcours et la philosophie de Sophie Righetti, th\u00e9rapeute en florith\u00e9rapie, hom\u00e9opathie et yoga doux \u00e0 Briey.","robots":{"index":"index","follow":"follow","max-snippet":"max-snippet:-1","max-image-preview":"max-image-preview:large","max-video-preview":"max-video-preview:-1"},"canonical":"https:\/\/amesophro.com\/index.php\/a-propose-de-sophie-righetti-therapeute-en-floritherapie-homeopathie-et-yoga-doux-a-briey\/","og_locale":"fr_FR","og_type":"article","og_title":"A PROPOS - Sophie RIGHETTI","og_description":"D\u00e9couvrez le parcours et la philosophie de Sophie Righetti, th\u00e9rapeute en florith\u00e9rapie, hom\u00e9opathie et yoga doux \u00e0 Briey.","og_url":"https:\/\/amesophro.com\/index.php\/a-propose-de-sophie-righetti-therapeute-en-floritherapie-homeopathie-et-yoga-doux-a-briey\/","og_site_name":"Sophie RIGHETTI","article_modified_time":"2026-03-18T17:28:30+00:00","og_image":[{"width":1500,"height":1821,"url":"https:\/\/amesophro.com\/wp-content\/uploads\/2020\/07\/cropped-Cyrille-Guir-Photographe-2826.jpg","type":"image\/jpeg"}],"twitter_card":"summary_large_image","twitter_misc":{"Dur\u00e9e de lecture estim\u00e9e":"2 minutes"},"schema":{"@context":"https:\/\/schema.org","@graph":[{"@type":"WebPage","@id":"https:\/\/amesophro.com\/index.php\/a-propose-de-sophie-righetti-therapeute-en-floritherapie-homeopathie-et-yoga-doux-a-briey\/","url":"https:\/\/amesophro.com\/index.php\/a-propose-de-sophie-righetti-therapeute-en-floritherapie-homeopathie-et-yoga-doux-a-briey\/","name":"A PROPOS - Sophie RIGHETTI","isPartOf":{"@id":"https:\/\/amesophro.com\/#website"},"primaryImageOfPage":{"@id":"https:\/\/amesophro.com\/index.php\/a-propose-de-sophie-righetti-therapeute-en-floritherapie-homeopathie-et-yoga-doux-a-briey\/#primaryimage"},"image":{"@id":"https:\/\/amesophro.com\/index.php\/a-propose-de-sophie-righetti-therapeute-en-floritherapie-homeopathie-et-yoga-doux-a-briey\/#primaryimage"},"thumbnailUrl":"https:\/\/amesophro.com\/wp-content\/uploads\/2020\/07\/cropped-Cyrille-Guir-Photographe-2826-247x300.jpg","datePublished":"2019-11-12T22:04:45+00:00","dateModified":"2026-03-18T17:28:30+00:00","description":"D\u00e9couvrez le parcours et la philosophie de Sophie Righetti, th\u00e9rapeute en florith\u00e9rapie, hom\u00e9opathie et yoga doux \u00e0 Briey.","breadcrumb":{"@id":"https:\/\/amesophro.com\/index.php\/a-propose-de-sophie-righetti-therapeute-en-floritherapie-homeopathie-et-yoga-doux-a-briey\/#breadcrumb"},"inLanguage":"fr-FR","potentialAction":[{"@type":"ReadAction","target":["https:\/\/amesophro.com\/index.php\/a-propose-de-sophie-righetti-therapeute-en-floritherapie-homeopathie-et-yoga-doux-a-briey\/"]}]},{"@type":"ImageObject","inLanguage":"fr-FR","@id":"https:\/\/amesophro.com\/index.php\/a-propose-de-sophie-righetti-therapeute-en-floritherapie-homeopathie-et-yoga-doux-a-briey\/#primaryimage","url":"https:\/\/amesophro.com\/wp-content\/uploads\/2020\/07\/cropped-Cyrille-Guir-Photographe-2826.jpg","contentUrl":"https:\/\/amesophro.com\/wp-content\/uploads\/2020\/07\/cropped-Cyrille-Guir-Photographe-2826.jpg","width":1500,"height":1821},{"@type":"BreadcrumbList","@id":"https:\/\/amesophro.com\/index.php\/a-propose-de-sophie-righetti-therapeute-en-floritherapie-homeopathie-et-yoga-doux-a-briey\/#breadcrumb","itemListElement":[{"@type":"ListItem","position":1,"name":"Accueil","item":"https:\/\/amesophro.com\/"},{"@type":"ListItem","position":2,"name":"A PROPOS"}]},{"@type":"WebSite","@id":"https:\/\/amesophro.com\/#website","url":"https:\/\/amesophro.com\/","name":"Sophie RIGHETTI","description":"Florith\u00e9rapie &amp; Hom\u00e9opathie","publisher":{"@id":"https:\/\/amesophro.com\/#\/schema\/person\/5582b2a0e8cc8ecbbec1c08c6b998a36"},"potentialAction":[{"@type":"SearchAction","target":{"@type":"EntryPoint","urlTemplate":"https:\/\/amesophro.com\/?s={search_term_string}"},"query-input":{"@type":"PropertyValueSpecification","valueRequired":true,"valueName":"search_term_string"}}],"inLanguage":"fr-FR"},{"@type":["Person","Organization"],"@id":"https:\/\/amesophro.com\/#\/schema\/person\/5582b2a0e8cc8ecbbec1c08c6b998a36","name":"Sophie Righetti","image":{"@type":"ImageObject","inLanguage":"fr-FR","@id":"https:\/\/amesophro.com\/wp-content\/uploads\/2022\/11\/10.png","url":"https:\/\/amesophro.com\/wp-content\/uploads\/2022\/11\/10.png","contentUrl":"https:\/\/amesophro.com\/wp-content\/uploads\/2022\/11\/10.png","width":2160,"height":2160,"caption":"Sophie Righetti"},"logo":{"@id":"https:\/\/amesophro.com\/wp-content\/uploads\/2022\/11\/10.png"},"sameAs":["https:\/\/www.instagram.com\/leslowstudio\/?next=oauthauthorizeresponse_typecodeclient_id3636846253273131redirect_urihttpspublic-api.wordpress.comconnectstateeyJtYWdpYyI6ImtleXJpbmciLCJhY3Rpb24iOiJ2ZXJpZnkiLCJrcl9ub25jZSI6IjUyY2I0OTkzYmIiLCJub25jZSI6IjhiNTMxOGUyNGQiLCJzZXJ2aWNlIjoiaW5zdGFncmFtLWJhc2ljLWRpc3BsYXkiLCJzdGF0ZSI6NjU4NzEwNzgsImhhc2giOiIwMjJjNjQyYTUxYjUwZDVkZGIwNGY1YTQyZjAwYzM5OTZhYjc1ZjY4N2ExNmJkMzgzMjNhNWM4M2E2YzczYThhIn0scopeinstagram_business_basiclogger_id0b404ff3-58ff-4f47-a00a-0d48537b5794"]}]}},"jetpack_sharing_enabled":true,"_links":{"self":[{"href":"https:\/\/amesophro.com\/index.php\/wp-json\/wp\/v2\/pages\/98","targetHints":{"allow":["GET"]}}],"collection":[{"href":"https:\/\/amesophro.com\/index.php\/wp-json\/wp\/v2\/pages"}],"about":[{"href":"https:\/\/amesophro.com\/index.php\/wp-json\/wp\/v2\/types\/page"}],"author":[{"embeddable":true,"href":"https:\/\/amesophro.com\/index.php\/wp-json\/wp\/v2\/users\/1"}],"replies":[{"embeddable":true,"href":"https:\/\/amesophro.com\/index.php\/wp-json\/wp\/v2\/comments?post=98"}],"version-history":[{"count":61,"href":"https:\/\/amesophro.com\/index.php\/wp-json\/wp\/v2\/pages\/98\/revisions"}],"predecessor-version":[{"id":3390,"href":"https:\/\/amesophro.com\/index.php\/wp-json\/wp\/v2\/pages\/98\/revisions\/3390"}],"wp:attachment":[{"href":"https:\/\/amesophro.com\/index.php\/wp-json\/wp\/v2\/media?parent=98"}],"curies":[{"name":"wp","href":"https:\/\/api.w.org\/{rel}","templated":true}]}}